{"id":130,"date":"2018-06-21T00:38:50","date_gmt":"2018-06-21T04:38:50","guid":{"rendered":"http:\/\/www.ahtricounty.com\/?page_id=130"},"modified":"2024-11-08T21:44:11","modified_gmt":"2024-11-08T21:44:11","slug":"politica-de-privacidad","status":"publish","type":"page","link":"https:\/\/www.ahtricounty.com\/es\/politica-de-privacidad\/","title":{"rendered":"Pol\u00edtica de Privacidad"},"content":{"rendered":"<div class=\"wpb-content-wrapper\"><p>[vc_row][vc_column][vc_column_text css=&#8221;&#8221;]<strong>Pol\u00edtica de Privacidad<\/strong><\/p>\n<p>Access Health TriCounty (&#8220;Access Health TriCounty&#8221;) administra ahtricounty.com y puede administar otras p\u00e1ginas web. Seg\u00fan la pol\u00edtica de Access Health TriCounty se respeta la privacidad de cualquier informaci\u00f3n suya que podamos recopilar cuando administramos nuestras p\u00e1ginas web.<\/p>\n<p><strong>Visitantes a la p\u00e1gina web<\/strong><\/p>\n<p>Al igual que la mayor\u00eda de los administradores de p\u00e1ginas web, Access Health TriCounty recopila informaci\u00f3n de identificaci\u00f3n no personal del tipo que los navegadores web y servidores suelen poner a disposici\u00f3n, como el tipo de navegador, la preferencia de idioma, la p\u00e1gina de referencia, y la fecha y hora de cada solicitud de visitante. El prop\u00f3sito de Access Health TriCounty al recopilar informaci\u00f3n de identificaci\u00f3n no personal es comprender mejor c\u00f3mo los visitantes de Access Health TriCounty utilizan su p\u00e1gina web. Ocasionalmente, Access Health TriCounty puede divulgar informaci\u00f3n de identificaci\u00f3n no personal de car\u00e1cter general, por ejemplo, mediante la publicaci\u00f3n de un informe sobre las tendencias en el uso de su p\u00e1gina web.<\/p>\n<p>Access Health TriCounty tambi\u00e9n recopila informaci\u00f3n de identificaci\u00f3n personal potencial, como las direcciones de Protocolo de Internet (IP) para los usuarios registrados y para los usuarios que dejan comentarios en los blogs\/las p\u00e1ginas de ahtricounty.com. Access Health TriCounty solo revela las direcciones IP de los usuarios registrados y comentaristas en las mismas circunstancias que utiliza y divulga informaci\u00f3n de identificaci\u00f3n personal como se describe a continuaci\u00f3n, excepto que las direcciones IP de los comentaristas y las direcciones de correo electr\u00f3nico son visibles y divugladas a los administradores del blog\/de la p\u00e1gina donde se dej\u00f3 el comentario.<\/p>\n<p><strong>Recopilaci\u00f3n de datos de identificaci\u00f3n personal<\/strong><\/p>\n<p>Ciertos visitantes de las p\u00e1ginas web de Access Health TriCounty eligen interactuar con Access Health TriCounty de maneras que requieren que Access Health TriCounty recopile informaci\u00f3n de identificaci\u00f3n personal. La cantidad y el tipo de informaci\u00f3n que recopila Access Health TriCounty dependen de la naturaleza de la interacci\u00f3n. Por ejemplo, pedimos a los visitantes que se registran en ahtricounty.com que faciliten un nombre de usuario y una direcci\u00f3n de correo electr\u00f3nico. A quienes hacen transacciones con Access Health TriCounty se les pide que faciliten informaci\u00f3n adicional, que incluye la informaci\u00f3n personal y financiera necesarias para procesar estas transacciones. En cada caso, Access Health TriCounty solo recopila dicha informaci\u00f3n en la medida en que sea necesaria para cumplir con el prop\u00f3sito de la interacci\u00f3n del visitante con Access Health TriCounty. Access Health TriCounty no revela informaci\u00f3n de identificaci\u00f3n personal que no sea la que se describe a continuaci\u00f3n. Y los visitantes siempre pueden negarse a facilitar informaci\u00f3n de identificaci\u00f3n personal, con la advertencia de que ello puede impedirles participar en determinadas actividades relacionadas con la p\u00e1gina web.<\/p>\n<p><strong>Estad\u00edsticas combinadas<\/strong><\/p>\n<p>Access Health TriCounty puede recopilar estad\u00edsticas sobre el comportamiento de los visitantes de sus p\u00e1ginas web. Access Health TriCounty puede mostrar esta informaci\u00f3n p\u00fablicamente o brind\u00e1rsela a terceros. Sin embargo, Access Health TriCounty no revela informaci\u00f3n de identificaci\u00f3n personal que no sea la que se describe a continuaci\u00f3n.<\/p>\n<p><strong>Protecci\u00f3n de cierta informaci\u00f3n de identificaci\u00f3n personal<\/strong><\/p>\n<p>Access Health TriCounty divulga la informaci\u00f3n de identificaci\u00f3n personal potencial y real solo a sus empleados, contratistas y organizaciones asociadas que (i) necesitan conocer esa informaci\u00f3n para procesarla en nombre de Access Health TriCounty o para brindar servicios disponibles en las p\u00e1ginas web de Access Health TriCounty, y (ii) que han acordado no divulgarla a otros. Algunos de esos empleados, contratistas y organizaciones asociadas pueden estar fuera de su pa\u00eds de origen. Al utilizar las p\u00e1ginas web de Access Health TriCounty, usted da su consentimiento para que se les transfiera dicha informaci\u00f3n. Access Health TriCounty no alquilar\u00e1 ni vender\u00e1 a nadie informaci\u00f3n potencial o real de identificaci\u00f3n personal. Aparte de sus empleados, contratistas y organizaciones asociadas, como se describi\u00f3 anteriormente, Access Health TriCounty divulga informaci\u00f3n de identificaci\u00f3n personal potencial y real solo en respuesta a una citaci\u00f3n, orden judicial u otra solicitud gubernamental, o cuando Access Health TriCounty cree de buena fe que la divulgaci\u00f3n es razonablemente necesaria para proteger la propiedad o los derechos de Access Health TriCounty, de terceros o del p\u00fablico en general. Si usted es un usuario registrado de una p\u00e1gina web de Access Health TriCounty y ha suministrado su direcci\u00f3n de correo electr\u00f3nico, Access Health TriCounty puede enviarle ocasionalmente un correo electr\u00f3nico para informarle sobre nuevas funciones, solicitar sus comentarios y sugerencias, o simplemente mantenerlo al tanto de lo que sucede con Access Health TriCounty y nuestros productos. Si nos env\u00eda una solicitud (por ejemplo, por correo electr\u00f3nico o a trav\u00e9s de uno de nuestros mecanismos de comentarios y sugerencias), nos reservamos el derecho a publicarla para que nos ayude a aclarar o responder su solicitud o a brindar asistencia a otros usuarios. Access Health TriCounty toma todas las medidas razonablemente necesarias para proteger contra el acceso no autorizado, el uso, la alteraci\u00f3n o la destrucci\u00f3n de informaci\u00f3n potencial o real de identificaci\u00f3n personal.<\/p>\n<p><strong>Cookies<\/strong><\/p>\n<p>Una cookie es una cadena de informaci\u00f3n que una p\u00e1gina web almacena en la computadora de un visitante y que el navegador del visitante suministra a la p\u00e1gina web cada vez que el visitante regresa. Access Health TriCounty utiliza cookies para ayudar a Access Health TriCounty a identificar y rastrear a los visitantes, su uso de la p\u00e1gina web de Access Health TriCounty y sus preferencias de acceso a la p\u00e1gina web. Los visitantes de Access Health TriCounty que no deseen que se almacenen cookies en sus computadoras deben configurar sus navegadores para rechazar cookies antes de usar las p\u00e1ginas web de Access Health TriCounty, con el inconveniente de que ciertas funciones de las p\u00e1ginas web de Access Health TriCounty pueden no funcionar correctamente sin la ayuda de cookies.<\/p>\n<p><strong>Transferencia de empresas<\/strong><\/p>\n<p>Si Access Health TriCounty, o sustancialmente todos sus activos, fueran adquiridos, o en el improbable caso de que Access Health TriCounty dejara el negocio o entrara en bancarrota, la informaci\u00f3n del usuario ser\u00eda uno de los activos que se transfieren o que un tercero adquiere. Usted reconoce que dichas transferencias pueden ocurrir, y que cualquier adquirente de Access Health TriCounty puede continuar usando su informaci\u00f3n personal como se establece en esta pol\u00edtica.<\/p>\n<p><strong>Anuncios<\/strong><\/p>\n<p>Los anuncios que aparecen en cualquiera de nuestras p\u00e1ginas web pueden ser enviados a los usuarios por socios publicitarios, que pueden instalar cookies. Estas cookies permiten al servidor de anuncios reconocer su computadora cada vez que le env\u00edan un anuncio en l\u00ednea para recopilar informaci\u00f3n sobre usted u otras personas que utilizan su computadora. Esta informaci\u00f3n permite a las redes publicitarias, entre otras cosas, ofrecer anuncios espec\u00edficos que creen que ser\u00e1n de mayor inter\u00e9s para usted. Esta Pol\u00edtica de Privacidad cubre el uso de cookies por parte de Access Health TriCounty y no cubre el acceso de cookies por parte de ning\u00fan anunciante.<\/p>\n<p><strong>Cambios en la Pol\u00edtica de Privacidad<\/strong><\/p>\n<p>Aunque es probable que la mayor\u00eda de los cambios sean menores, Access Health TriCounty puede cambiar su Pol\u00edtica de Privacidad peri\u00f3dicamente, y a entera discreci\u00f3n de Access Health TriCounty. Access Health TriCounty recomienda a sus visitantes consultar peri\u00f3dicamente esta p\u00e1gina para verificar si se han producido cambios en su Pol\u00edtica de Privacidad. Si tiene una cuenta en ahtricounty.com, es posible que tambi\u00e9n reciba una alerta inform\u00e1ndole de estos cambios. Si sigue utilizando esta p\u00e1gina despu\u00e9s de cualquier cambio en esta Pol\u00edtica de Privacidad, dicho uso significa que acepta el cambio.[\/vc_column_text][\/vc_column][\/vc_row]<\/p>\n<\/div>","protected":false},"excerpt":{"rendered":"<p>[vc_row][vc_column][vc_column_text css=&#8221;&#8221;]Pol\u00edtica de Privacidad Access Health TriCounty (&#8220;Access Health TriCounty&#8221;) administra ahtricounty.com y puede administar otras p\u00e1ginas web. Seg\u00fan la pol\u00edtica de Access Health TriCounty se respeta la privacidad de cualquier informaci\u00f3n suya que podamos recopilar cuando administramos nuestras p\u00e1ginas web. Visitantes a la p\u00e1gina web Al igual que la mayor\u00eda de los administradores de [&hellip;]<\/p>\n","protected":false},"author":1,"featured_media":0,"parent":0,"menu_order":0,"comment_status":"closed","ping_status":"closed","template":"","meta":{"footnotes":""},"class_list":["post-130","page","type-page","status-publish","hentry"],"_links":{"self":[{"href":"https:\/\/www.ahtricounty.com\/es\/wp-json\/wp\/v2\/pages\/130","targetHints":{"allow":["GET"]}}],"collection":[{"href":"https:\/\/www.ahtricounty.com\/es\/wp-json\/wp\/v2\/pages"}],"about":[{"href":"https:\/\/www.ahtricounty.com\/es\/wp-json\/wp\/v2\/types\/page"}],"author":[{"embeddable":true,"href":"https:\/\/www.ahtricounty.com\/es\/wp-json\/wp\/v2\/users\/1"}],"replies":[{"embeddable":true,"href":"https:\/\/www.ahtricounty.com\/es\/wp-json\/wp\/v2\/comments?post=130"}],"version-history":[{"count":2,"href":"https:\/\/www.ahtricounty.com\/es\/wp-json\/wp\/v2\/pages\/130\/revisions"}],"predecessor-version":[{"id":508,"href":"https:\/\/www.ahtricounty.com\/es\/wp-json\/wp\/v2\/pages\/130\/revisions\/508"}],"wp:attachment":[{"href":"https:\/\/www.ahtricounty.com\/es\/wp-json\/wp\/v2\/media?parent=130"}],"curies":[{"name":"wp","href":"https:\/\/api.w.org\/{rel}","templated":true}]}}