{"id":131,"date":"2018-06-21T00:38:53","date_gmt":"2018-06-21T04:38:53","guid":{"rendered":"http:\/\/www.ahtricounty.com\/?page_id=131"},"modified":"2024-11-09T17:24:58","modified_gmt":"2024-11-09T17:24:58","slug":"terms-of-service","status":"publish","type":"page","link":"https:\/\/www.ahtricounty.com\/es\/terms-of-service\/","title":{"rendered":"T\u00e9rminos del servicio"},"content":{"rendered":"<div class=\"wpb-content-wrapper\"><p>[vc_row][vc_column][vc_column_text css=&#8221;&#8221;]<strong>T\u00e9rminos del servicio<\/strong><\/p>\n<p>Los siguientes t\u00e9rminos y condiciones rigen todo el uso de la p\u00e1gina web de ahtricounty.com y todos los contenidos, servicios y productos disponibles en la p\u00e1gina web o a trav\u00e9s de la misma (en conjunto, la P\u00e1gina Web). La P\u00e1gina Web es propiedad de y administrada por Access Health TriCounty (&#8220;Access Health TriCounty\u00bb). La P\u00e1gina Web se ofrece sujeta a su aceptaci\u00f3n sin modificaci\u00f3n de todos los t\u00e9rminos y condiciones contenidos aqu\u00ed y todas las dem\u00e1s normas de su administraci\u00f3n, pol\u00edticas (que incluyen, entre otras, la Pol\u00edtica de Privacidad de Access Health TriCounty) y los procedimientos que puedan publicar peri\u00f3dicamente Access Health TriCounty en esta P\u00e1gina (colectivamente, el &#8220;Acuerdo&#8221;).<\/p>\n<p>Lea atentamente el presente Acuerdo antes de acceder a la P\u00e1gina Web o utilizarla. Al acceder o utilizar cualquier parte de la p\u00e1gina web, usted acepta respetar los t\u00e9rminos y las condiciones de este acuerdo. Si no acepta todos los t\u00e9rminos y las condiciones de este acuerdo, no podr\u00e1 acceder a la P\u00e1gina Web ni utilizar ninguno de los servicios. Si estos t\u00e9rminos y condiciones se consideran una oferta de Access Health TriCounty, la aceptaci\u00f3n se limita expresamente a estos t\u00e9rminos. La P\u00e1gina Web solo est\u00e1 disponible para personas mayores de 13 a\u00f1os.<\/p>\n<ol>\n<li><strong>Su Cuenta en ahtricounty.com y la P\u00e1gina.<\/strong> Si crea un blog\/una p\u00e1gina en la P\u00e1gina Web, usted es responsable de mantener la seguridad de su cuenta y de su blog, y es plenamente responsable de todas las actividades en la cuenta y de cualquier otra acci\u00f3n relacionada con el blog. Usted no debe describir ni asignar palabras clave a su blog de manera enga\u00f1osa o ilegal, incluso de una manera destinada a comerciar con el nombre o la reputaci\u00f3n de los dem\u00e1s, y Access Health TriCounty puede cambiar o eliminar cualquier descripci\u00f3n o palabra clave que considere inapropiada o ilegal, o que de otro modo pueda generar la responsabilidad de Access Health TriCounty. Debe notificar de inmediato a Access Health TriCounty cualquier uso no autorizado de su blog, su cuenta o cualquier otra violaci\u00f3n de la seguridad. Access Health TriCounty no ser\u00e1 responsable de ning\u00fan acto u omisi\u00f3n por parte suya, lo que incluye da\u00f1os de cualquier tipo en los que se incurra como resultado de dichos actos u omisiones.<\/li>\n<li><strong>Responsabilidad de los colaboradores.<\/strong> Si usted administra un blog, publica material en la P\u00e1gina Web, publica enlaces en la P\u00e1gina Web, o de otra manera crea (o permite que un tercero cree) material disponible por medio de la P\u00e1gina Web (cualquier material de este tipo, \u201cContenido\u201d), usted es plenamente responsable de los contenidos y de cualquier da\u00f1o resultante de ese Contenido. Esto es as\u00ed independientemente de que el Contenido en cuesti\u00f3n sea un texto, un gr\u00e1fico, un archivo de audio o un programa inform\u00e1tico.<\/li>\n<\/ol>\n<p style=\"padding-left: 40px;\">Al poner a disposici\u00f3n el Contenido, usted declara y garantiza lo siguiente:<\/p>\n<ul>\n<li>Que la descarga, la copia y el uso del Contenido no infringir\u00e1n los derechos de propiedad, entre otros, los derechos de autor, patentes, marcas comerciales o secretos comerciales de terceros;<\/li>\n<li>Que si su empleador tiene derechos sobre la propiedad intelectual creada por usted, usted (i) ha recibido permiso de su empleador para publicar o poner a disposici\u00f3n el Contenido, que incluye, entre otros, cualquier tipo de software, o (ii) ha obtenido de su empleador una renuncia a todos los derechos sobre el Contenido;<\/li>\n<li>Que ha cumplido plenamente con las licencias de terceros relacionadas con el Contenido y ha hecho todo lo necesario para comunicar con \u00e9xito a los usuarios finales las condiciones requeridas;<\/li>\n<li>Que el Contenido no tiene ni instala virus, gusanos inform\u00e1ticos, malware, troyanos u otros contenidos da\u00f1inos o destructivos;<\/li>\n<li>Que el Contenido no es spam, no est\u00e1 generado de forma autom\u00e1tica o aleatoria, y no tiene contenido comercial no \u00e9tico o no deseado dise\u00f1ado para atraer tr\u00e1fico a p\u00e1ginas web de terceros o mejorar la clasificaci\u00f3n de los motores de b\u00fasqueda de p\u00e1ginas de terceros, o para promover actos il\u00edcitos (como el phishing) o enga\u00f1ar a los destinatarios en cuanto a la fuente del material (como el spoofing);<\/li>\n<li>Que el Contenido no es pornogr\u00e1fico, no contiene amenazas ni incita a la violencia contra personas o entidades, y no viola los derechos de privacidad o publicidad de terceros;<\/li>\n<li>Que su blog no recibe publicidad a trav\u00e9s de mensajes electr\u00f3nicos no deseados, como enlaces de spam en grupos de noticias, listas de correo electr\u00f3nico, otros blogs y p\u00e1ginas web y m\u00e9todos promocionales similares no solicitados;<\/li>\n<li>Que su blog no lleva un nombre que induzca a error a sus lectores haci\u00e9ndoles creer que usted es otra persona o empresa. Por ejemplo, la URL o el nombre de su blog no es el nombre de una persona que no sea usted o de una empresa que no sea la suya; y<\/li>\n<li>Que ha categorizado o descrito con precisi\u00f3n, en el caso del Contenido que incluya c\u00f3digo inform\u00e1tico, el tipo, la naturaleza, los usos y los efectos de los materiales, tanto si Access Health TriCounty se lo solicita como si no lo hace.<\/li>\n<\/ul>\n<p style=\"padding-left: 40px;\">Al enviar Contenido a Access Health TriCounty para su inclusi\u00f3n en su P\u00e1gina Web, usted otorga a Access Health TriCounty una licencia mundial, libre de regal\u00edas y no exclusiva para reproducir, modificar, adaptar y publicar el Contenido \u00fanicamente con el prop\u00f3sito de mostrar, distribuir y promover su blog. Si elimina Contenido, Access Health TriCounty har\u00e1 todo lo posible por eliminarlo de la P\u00e1gina Web, pero usted reconoce que el almacenamiento en cach\u00e9 o las referencias al Contenido pueden no estar disponibles de inmediato.<\/p>\n<p style=\"padding-left: 40px;\">Sin limitar ninguna de esas representaciones o garant\u00edas, Access Health TriCounty tiene el derecho (aunque no la obligaci\u00f3n) de, a exclusivo criterio de Access Health TriCounty (i) rechazar o eliminar cualquier contenido que, en la opini\u00f3n razonable de Access Health TriCounty, viole cualquier pol\u00edtica de Access Health TriCounty o sea de alguna manera perjudicial u objetable, o (ii) terminar o negar el acceso y uso de la P\u00e1gina Web a cualquier individuo o entidad por cualquier raz\u00f3n, a exclusivo criterio de Access Health TriCounty. Access Health TriCounty no tendr\u00e1 obligaci\u00f3n alguna de reembolsar los importes abonados previamente.<\/p>\n<ol start=\"3\">\n<li><strong>Pago y renovaci\u00f3n.<\/strong><\/li>\n<\/ol>\n<ul>\n<li><strong>T\u00e9rminos generales.<\/strong> Al seleccionar un producto o servicio, usted acepta pagar a Access Health TriCounty las tarifas de suscripci\u00f3n \u00fanicas o mensuales o anuales indicadas (en otras comunicaciones pueden incluirse condiciones de pago adicionales). Los pagos de suscripci\u00f3n se cobrar\u00e1n por adelantado el d\u00eda en que se suscriba a una Actualizaci\u00f3n y cubrir\u00e1n el uso de ese servicio durante un per\u00edodo de suscripci\u00f3n mensual o anual, seg\u00fan se indique. Los pagos no son reembolsables.<\/li>\n<li><strong>Renovaci\u00f3n autom\u00e1tica.<\/strong> Salvo que usted notifique a Access Health TriCounty antes de que finalice el per\u00edodo de suscripci\u00f3n correspondiente que quiere cancelar la suscripci\u00f3n, la suscripci\u00f3n se renovar\u00e1 autom\u00e1ticamente y usted nos autoriza a cobrar el cargo de la suscripci\u00f3n anual o mensual por dicha suscripci\u00f3n (e impuestos) con una tarjeta de cr\u00e9dito u otro mecanismo de pago que tengamos en nuestros registros. Para ello, debe enviar una solicitud por escrito a Access Health TriCounty.<\/li>\n<\/ul>\n<ol start=\"4\">\n<li><strong>Servicios.<\/strong><\/li>\n<\/ol>\n<ul>\n<li><strong>Cargos; Pago.<\/strong> Al suscribirse a una cuenta de Servicios, usted acepta pagar a Access Health TriCounty los cargos de configuraci\u00f3n y los cargos recurrentes que corresponden. Los cargos correspondientes se facturar\u00e1n a partir del d\u00eda en que se adoptan los servicios y por adelantado con respecto al uso de dichos servicios. Access Health TriCounty se reserva el derecho de modificar los cargos y los t\u00e9rminos de pago y debe enviarle un aviso escrito con treinta (30) d\u00edas de anticipaci\u00f3n. Usted puede cancelar los servicios en cualquier momento y debe enviar a Access Health TriCounty un aviso escrito con treinta (30) d\u00edas de anticipaci\u00f3n.<\/li>\n<li><strong>Asistencia.<\/strong> Si su servicio incluye acceso a asistencia prioritaria por correo electr\u00f3nico. &#8220;Asistencia por correo electr\u00f3nico&#8221; significa que se puede solicitar asistencia t\u00e9cnica por correo electr\u00f3nico en cualquier momento (y Access Health TriCounty har\u00e1 los esfuerzos razonables para responder en un plazo de un d\u00eda h\u00e1bil) con respecto al uso de los servicios VIP. &#8220;Prioritaria&#8221; significa que la asistencia tiene prioridad con respecto a la asistencia para usuarios de los servicios est\u00e1ndar o gratuitos de ahtricounty.com. Toda la asistencia se brindar\u00e1 de conformidad con los servicios, las pr\u00e1cticas, los procedimientos y las pol\u00edticas est\u00e1ndar de Access Health TriCounty.<\/li>\n<\/ul>\n<ol start=\"5\">\n<li><strong>Responsabilidad de los visitantes a la Pagina Web.<\/strong> Access Health TriCounty no ha revisado y no puede revisar todo el material, lo que incluye software inform\u00e1tico publicado en la P\u00e1gina Web, y por lo tanto, no se hace responsable del contenido, el uso o los efectos de ese material. Al administrar la P\u00e1gina Web, Access Health TriCounty no insin\u00faa ni implica que respalda el material que all\u00ed se publica ni que cree que dicho material sea preciso, \u00fatil o no perjudicial. Usted es responsable de tomar las precauciones necesarias para protegerse usted y a sus sistemas inform\u00e1ticos de virus, gusanos, troyanos y otro tipo de contenido perjudicial o destructivo. La P\u00e1gina Web puede tener contenido que sea ofensivo, indecente, objetable y contenido que tenga imprecisiones t\u00e9cnicas, errores tipogr\u00e1ficos y otro tipo de errores. La P\u00e1gina Web tambi\u00e9n puede contener material que viole los derechos de privacidad o publicidad, o que infrinja los derechos de propiedad intelectual y otros derechos de propiedad, de terceros, o que la descarga, la copia o el uso de dicho material est\u00e9 sujeto a t\u00e9rminos y condiciones adicionales, establecidos o no establecidos. Access Health TriCounty rechaza todo tipo de responsabilidad por cuestiones de da\u00f1os que se produzcan por el uso que los visitantes hagan de la P\u00e1gina Web, o por las descargas que los visitantes hagan de contenido publicado en la misma.<\/li>\n<li><strong>Contenido publicado en otras p\u00e1ginas web.<\/strong> No hemos revisado, ni podemos revisar, todo el material, que incluye el software inform\u00e1tico, disponible a trav\u00e9s de los sitios y las p\u00e1ginas web con las que se vincula ahtricounty.com y los enlaces a ahtricounty.com. Access Health TriCounty no tiene ning\u00fan tipo de control sobre los sitios y las p\u00e1ginas web que no son de Access Health TriCounty, y no se responsabiliza por los contenidos ni por el uso. Un enlace a un sitio o a una p\u00e1gina web que no es de Access Health TriCounty, no significa que Access Health TriCounty insin\u00faa o implica que respalda dicho sitio o p\u00e1gina web. Usted es responsable de tomar las precauciones necesarias para protegerse usted y a sus sistemas inform\u00e1ticos de virus, gusanos, troyanos y otro tipo de contenido perjudicial o destructivo. Access Health TriCounty rechaza todo tipo de responsabilidad por cuestiones de da\u00f1os que se produzcan por el uso de sitios y p\u00e1ginas web que no son de Access Health TriCounty.<\/li>\n<li><strong>Infracci\u00f3n de derechos de autor y de la pol\u00edtica de DMCA.<\/strong> De igual modo que Access Health TriCounty solicita a los dem\u00e1s que respeten sus derechos de propiedad intelectual, tambi\u00e9n respeta los derechos de propiedad intelectual de los dem\u00e1s. Si usted cree que alg\u00fan material en el sitio o al que ahtricounty.com tiene un enlace infringe sus derechos de propiedad intelectual, le recomendamos que notifique a Access Health TriCounty de conformidad con la Pol\u00edtica de la Ley de Derechos de Autor de la Era Digital (\u201cDMCA\u201d) de Access Health TriCounty. Access Health TriCounty responder\u00e1 todas las notificaciones, incluso si se requiere o corresponde eliminar el material en infracci\u00f3n o deshabilitar todos los enlaces al material en infracci\u00f3n. Access Health TriCounty pondr\u00e1 fin al acceso y al uso de la P\u00e1gina Web por parte de un visitante, bajo ciertas circunstancias, si se determina que dicho visitante es un infractor reincidente de los derechos de autor o los derechos de propiedad intelectual de Access Health TriCounty u otros. En caso de una interrupci\u00f3n de este tipo, Access Health TriCounty no tendr\u00e1 obligaci\u00f3n alguna de reembolsar los importes abonados previamente a Access Health TriCounty.<\/li>\n<li><strong>Propiedad intelectual.<\/strong> Este Acuerdo no transfiere de Access Health TriCounty a usted ninguna propiedad intelectual de Access Health TriCounty o de terceros, y todo derecho, t\u00edtulo e inter\u00e9s en dicha propiedad ser\u00e1 (como fue acordado entre las partes) \u00fanicamente de Access Health TriCounty. Access Health TriCounty, ahtricounty.com, el logotipo de ahtricounty.com y todas las dem\u00e1s marcas comerciales, marcas de servicio, gr\u00e1ficos y logotipos relacionados con ahtricounty.com o la P\u00e1gina Web son marcas comerciales o marcas registradas de Access Health TriCounty o los licenciatarios de Access Health TriCounty. Otras marcas comerciales, marcas de servicio, gr\u00e1ficos y logotipos relacionados con la P\u00e1gina Web pueden ser marcas comerciales de terceros. El uso que usted haga de la P\u00e1gina Web no le otorga el derecho ni la licencia para reproducir o usar de otro modo las marcas comerciales de Access Health TriCounty o de terceros.<\/li>\n<li><strong>Publicidad.<\/strong> Access Health TriCounty se reserva el derecho de exhibir anuncios publicitarios en su blog, salvo que usted haya comprado una cuenta sin publicidad.<\/li>\n<li><strong>Atribuci\u00f3n.<\/strong> Access Health TriCounty se reserva el derecho de mostrar enlaces de atribuci\u00f3n, como por ejemplo \u201cBlog en ahtricounty.com\u201d, autor del tema y atribuci\u00f3n de fuente en el pie de p\u00e1gina o en la barra de herramientas de su blog.<\/li>\n<li><strong>Productos de socios.<\/strong> Al activar un producto de socios (p. ej. tema) de uno de nuestros socios, usted acepta los t\u00e9rminos de servicio de ese socio. Puede renunciar a los t\u00e9rminos de servicio en cualquier momento mediante la desactivaci\u00f3n del producto del socio.<\/li>\n<li><strong>Nombres de dominio.<\/strong> Si usted registra un nombre de dominio, o usa o transfiere un nombre de dominio registrado previamente, usted reconoce y acepta que el uso del nombre de dominio tambi\u00e9n est\u00e1 sujeto a las pol\u00edticas de la Corporaci\u00f3n de Internet para la Asignaci\u00f3n de Nombres y N\u00fameros (&#8220;ICANN&#8221;), que incluyen sus derechos y responsabilidades de registro.<\/li>\n<li><strong>Modificaciones.<\/strong> Access Health TriCounty se reserva el derecho, a exclusivo criterio, de modificar o reemplazar cualquier parte de este Acuerdo. Es su responsabilidad verificar peri\u00f3dicamente este Acuerdo para ver si hay modificaciones. El uso continuo que usted haga de la P\u00e1gina Web o el acceso a este despu\u00e9s de la publicaci\u00f3n de las modificaciones a este Acuerdo significa que usted acepta esas modificaciones. Access Health TriCounty tambi\u00e9n puede, en el futuro, ofrecer nuevos servicios o funciones a trav\u00e9s de la P\u00e1gina Web (lo que incluye el lanzamiento de nuevas herramientas y recursos). Estas nuevas funciones o servicios estar\u00e1n sujetos a los t\u00e9rminos y condiciones de este Acuerdo.<\/li>\n<li><strong>Baja.<\/strong> Access Health TriCounty puede dar de baja su acceso a toda la P\u00e1gina Web o a parte de este en cualquier momento, con o sin motivo, con o sin notificaci\u00f3n, y con vigencia inmediata. Si usted desea dar por terminado este Acuerdo o su cuenta de ahtricounty.com (si tiene una cuenta), puede simplemente descontinuar el uso de la P\u00e1gina Web. Sin perjuicio de lo que se indica anteriormente, si usted tiene una cuenta de servicios paga, Access Health TriCounty puede dar de baja dicha cuenta solo si usted incumple sustantivamente este Acuerdo y no subsana su proceder en un plazo de treinta (30) d\u00edas a partir de la notificaci\u00f3n de Access Health TriCounty. A pesar de eso, Access Health TriCounty pueda dar de baja de inmediato la P\u00e1gina Web como parte de un cierre general de nuestro servicio. Todas las disposiciones de este Acuerdo, que por su naturaleza deben permanecer vigentes tras la extinci\u00f3n del Acuerdo, permanecer\u00e1n vigentes, lo que incluye entre otras, las disposiciones de titularidad, las exenciones de responsabilidad de la garant\u00eda, la indemnizaci\u00f3n y las limitaciones de responsabilidad.<\/li>\n<li><strong>Exenciones de responsabilidad de la garant\u00eda.<\/strong> Esta P\u00e1gina Web se ofrece \u201ctal como es\u201d. Access Health TriCounty y sus proveedores y licenciatarios por el presente renuncian a todo tipo de garant\u00edas, expresas o impl\u00edcitas, lo que incluye, entre otras, las garant\u00edas de comerciabilidad, idoneidad y cumplimiento. Ni Access Health TriCounty ni sus proveedores y licenciatarios garantizan que la P\u00e1gina Web funcione sin errores o que el acceso a este sea continuo o ininterrumpido. Usted entiende que las descargas y la obtenci\u00f3n de contenido o servicios a trav\u00e9s de la P\u00e1gina Web corren por su propia cuenta y riesgo.<\/li>\n<li><strong>Limitaci\u00f3n de responsabilidad.<\/strong> En ning\u00fan caso Access Health TriCounty o sus proveedores o licenciatarios ser\u00e1n responsables con respecto al objeto de este acuerdo seg\u00fan cualquier contrato, negligencia, estricta responsabilidad u otra teor\u00eda legal o equitativa por: (i) da\u00f1os especiales, ocasionales o consecuentes; (ii) el costo de adquisici\u00f3n de productos o servicios alternativos; (iii) la interrupci\u00f3n de uso, p\u00e9rdida o corrupci\u00f3n de datos; o (iv) los montos que excedan los cargos pagados por usted a Access Health TriCounty de conformidad con este acuerdo durante el per\u00edodo de doce (12) meses previos a la causa de la acci\u00f3n. Access Health TriCounty no tendr\u00e1 ninguna responsabilidad por los fallos o retrasos por cuestiones que excedan a su control razonable. Lo anterior no se aplicar\u00e1 en la medida que est\u00e9 prohibido por la ley correspondiente.<\/li>\n<li><strong>Declaraci\u00f3n general y garant\u00eda.<\/strong> Usted declara y garantiza que (i) el uso que usted haga de la P\u00e1gina Web se ajustar\u00e1 estrictamente a la Pol\u00edtica de Privacidad de Access Health TriCounty, a este Acuerdo y a todas las leyes y reglamentaciones correspondientes (lo que incluye, entre otras, las leyes o reglamentaciones locales en su pa\u00eds, estado, ciudad u otra \u00e1rea de gobierno, con respecto a la conducta en l\u00ednea y el contenido aceptable, e incluye todas las leyes correspondientes sobre la transmisi\u00f3n de datos t\u00e9cnicos exportados desde Estados Unidos o el pa\u00eds en el que usted resida) y (ii) el uso que usted haga de la P\u00e1gina Web no infringir\u00e1 los derechos de propiedad intelectual de ning\u00fan tercero ni se apropiar\u00e1 de estos derechos.<\/li>\n<li><strong>Indemnizaci\u00f3n.<\/strong> Usted acepta indemnizar y eximir de toda responsabilidad a Access Health TriCounty, sus contratistas, licenciatarios y sus respectivos directores, directivos, empleados y agentes de cualquier reclamo y gasto, lo que incluye honorarios de abogados que surjan de su uso de la P\u00e1gina Web, lo que incluye, entre otros, su incumplimiento de este Acuerdo.<\/li>\n<li><strong>Disposiciones varias.<\/strong> Este Acuerdo constituye el acuerdo completo entre Access Health TriCounty y usted con respecto al objeto de este, y solo puede ser modificado por una enmienda escrita firmada por un ejecutivo autorizado de Access Health TriCounty, o mediante la publicaci\u00f3n de una versi\u00f3n revisada de parte de Access Health TriCounty. Salvo que las leyes correspondientes, si las hubiera, lo dispongan de otro modo, este Acuerdo, el acceso a la P\u00e1gina Web o el uso de este se regir\u00e1n por las leyes del estado de Carolina del Sur, excluyendo sus disposiciones sobre conflictos de leyes, y la jurisdicci\u00f3n correspondiente para las disputas que surjan o est\u00e9n relacionadas con estos ser\u00e1n los tribunales estatales o federales de North Charleston, Carolina del Sur. Salvo por los reclamos de medidas cautelares o del sistema de equity con respecto a los derechos de propiedad intelectual (que se pueden presentar en cualquier tribunal competente sin pagar una fianza), toda disputa que surja de este Acuerdo deber\u00e1 ser finalmente resuelta de conformidad con las Normas Generales de Arbitraje de Judicial Arbitration and Mediation Service, Inc. (\u201cJAMS\u201d) por tres \u00e1rbitros designados de conformidad con dichas Normas. El arbitraje se deber\u00e1 llevar a cabo en North Charleston, Carolina del Sur, en idioma ingl\u00e9s y la decisi\u00f3n del \u00e1rbitro se puede hacer cumplir en cualquier tribunal. La parte vencedora en cualquier demanda o procedimiento para hacer cumplir este Acuerdo tendr\u00e1 derecho a que se le paguen los costos y honorarios de abogados. Si una parte de este Acuerdo resulta inv\u00e1lida o no se puede hacer cumplir, esa parte ser\u00e1 interpretada para reflejar la intenci\u00f3n original de las partes, y las partes restantes conservar\u00e1n plena vigencia y efecto. La renuncia de cualquiera de las partes a cualquier t\u00e9rmino o condici\u00f3n de este Acuerdo o a un incumplimiento, en cualquier caso, no supondr\u00e1 la renuncia a dicho t\u00e9rmino o condici\u00f3n ni a un incumplimiento posterior. Usted puede ceder sus derechos seg\u00fan este Acuerdo a una parte que acepte cumplir sus t\u00e9rminos y condiciones. Access Health TriCounty puede ceder sus derechos seg\u00fan este Acuerdo sin condiciones. Este Acuerdo ser\u00e1 vinculante y redundar\u00e1 en beneficio de las partes, sus sucesores y cesionarios leg\u00edtimos.<\/li>\n<\/ol>\n<p>[\/vc_column_text][\/vc_column][\/vc_row]<\/p>\n<\/div>","protected":false},"excerpt":{"rendered":"<p>[vc_row][vc_column][vc_column_text css=&#8221;&#8221;]T\u00e9rminos del servicio Los siguientes t\u00e9rminos y condiciones rigen todo el uso de la p\u00e1gina web de ahtricounty.com y todos los contenidos, servicios y productos disponibles en la p\u00e1gina web o a trav\u00e9s de la misma (en conjunto, la P\u00e1gina Web). La P\u00e1gina Web es propiedad de y administrada por Access Health TriCounty (&#8220;Access [&hellip;]<\/p>\n","protected":false},"author":1,"featured_media":0,"parent":0,"menu_order":0,"comment_status":"closed","ping_status":"closed","template":"","meta":{"footnotes":""},"class_list":["post-131","page","type-page","status-publish","hentry"],"_links":{"self":[{"href":"https:\/\/www.ahtricounty.com\/es\/wp-json\/wp\/v2\/pages\/131","targetHints":{"allow":["GET"]}}],"collection":[{"href":"https:\/\/www.ahtricounty.com\/es\/wp-json\/wp\/v2\/pages"}],"about":[{"href":"https:\/\/www.ahtricounty.com\/es\/wp-json\/wp\/v2\/types\/page"}],"author":[{"embeddable":true,"href":"https:\/\/www.ahtricounty.com\/es\/wp-json\/wp\/v2\/users\/1"}],"replies":[{"embeddable":true,"href":"https:\/\/www.ahtricounty.com\/es\/wp-json\/wp\/v2\/comments?post=131"}],"version-history":[{"count":3,"href":"https:\/\/www.ahtricounty.com\/es\/wp-json\/wp\/v2\/pages\/131\/revisions"}],"predecessor-version":[{"id":537,"href":"https:\/\/www.ahtricounty.com\/es\/wp-json\/wp\/v2\/pages\/131\/revisions\/537"}],"wp:attachment":[{"href":"https:\/\/www.ahtricounty.com\/es\/wp-json\/wp\/v2\/media?parent=131"}],"curies":[{"name":"wp","href":"https:\/\/api.w.org\/{rel}","templated":true}]}}