{"id":159,"date":"2020-09-17T10:25:19","date_gmt":"2020-09-17T14:25:19","guid":{"rendered":"http:\/\/www.ahtricounty.com\/?page_id=159"},"modified":"2024-11-09T17:39:28","modified_gmt":"2024-11-09T17:39:28","slug":"programa-de-prevencion-de-la-diabetes","status":"publish","type":"page","link":"https:\/\/www.ahtricounty.com\/es\/programa-de-prevencion-de-la-diabetes\/","title":{"rendered":"Programa de Prevenci\u00f3n de la Diabetes"},"content":{"rendered":"<div class=\"wpb-content-wrapper\"><p>[vc_row][vc_column][vc_single_image image=&#8221;538&#8243; img_size=&#8221;full&#8221; alignment=&#8221;center&#8221; css=&#8221;&#8221;][vc_column_text css=&#8221;&#8221;]<\/p>\n<p style=\"text-align: center;\"><strong>Nuestra misi\u00f3n es conocer la comunidad donde se encuentran; empoderarlos y brindarles las herramientas necesarias para cambiar el rumbo de su salud mediante educaci\u00f3n en prevenci\u00f3n de la diabetes.<\/strong><\/p>\n<p style=\"text-align: center;\">Actuamos como el CENTRO que nuclea los Programas de Prevenci\u00f3n de la Diabetes o DPP (Diabetes Prevention Programs) en los condados de Charleston, Berkeley y Dorchester. Sin importar d\u00f3nde viva o trabaje una persona en el \u00e1rea de los tres condados, \u00a1nos comprometemos a conectarla con el programa que mejor se adapte a sus necesidades!<\/p>\n<p>[\/vc_column_text][vc_single_image image=&#8221;172&#8243; img_size=&#8221;full&#8221; alignment=&#8221;center&#8221; style=&#8221;vc_box_rounded&#8221;][vc_column_text css=&#8221;&#8221;]<\/p>\n<h3><\/h3>\n<p>&nbsp;<\/p>\n<p style=\"text-align: center;\"><strong>NECESITAMOS SU AYUDA PARA PREVENIR LA DIABETES TIPO 2<\/strong><\/p>\n<h4><\/h4>\n<p>&nbsp;<\/p>\n<p style=\"text-align: center;\"><strong>\u00bfTiene alg\u00fan lugar donde pueda organizar un programa de prevenci\u00f3n de la diabetes o una charla para convencer y crear conciencia sobre oportunidades de prevenci\u00f3n de la diabetes?<\/strong><\/p>\n<h4><\/h4>\n<p>&nbsp;<\/p>\n<p style=\"text-align: center;\"><strong>\u00bfPuede ayudarnos a evaluar a las personas para detectar prediabetes en su cl\u00ednica, centro comunitario, iglesia u otra organizaci\u00f3n?<\/strong><\/p>\n<h4><\/h4>\n<p>&nbsp;<\/p>\n<h4 style=\"text-align: center;\">P\u00f3ngase en contacto con Tiquita Stewart, coordinadora de trabajadores de salud comunitaria, a trav\u00e9s de <a href=\"mailto:tiquita.stewart@rsfh.com\">tiquita.stewart@rsfh.com<\/a><br \/>\no con Reeshemah McKelvey, directora del Programa, a trav\u00e9s de <a href=\"mailto:kayla.visser@rsfh.com\">Reeshemah.McKelvey@rsfh.com<\/a><br \/>\no por tel\u00e9fono al <a href=\"tel:+1843-743-2777\">843-743-2777<\/a><\/h4>\n<p>[\/vc_column_text][\/vc_column][\/vc_row][vc_row css=&#8221;.vc_custom_1610655450544{padding-top: 0px !important;}&#8221;][vc_column width=&#8221;1\/4&#8243;]<section class=\"thememount-servicebox thememount-servicebox-bordercentericon  none \"><div class=\"thememount-servicebox-title-wrapper\"><i class=\"thememount-icon tmicon-fa-bed icon-size-large icon-align-left thememount-ibgcolor thememount-ibgcolor-skincolor\"><\/i><h2 class=\"thememount-servicebox-title\"><a class=\"thememount-sb-title-link\" href=\"https:\/\/www.ahtricounty.com\/es\/programa-de-prevencion-de-la-diabetes\/para-pacientes\/\"\r\n   title=\"Para pacientes\" target=\"\">Para pacientes<\/a><\/h2><div class=\"thememount-servicebox-content\">[vc_button2 title=\"LEER M\u00c1S\" style=\"rounded\" color=\"skincolor\" size=\"lg\" btniconposition=\"left\" btnicon=\"fa-angle-right\" link=\"url:https%3A%2F%2Fwww.ahtricounty.com%2Fes%2Fprograma-de-prevencion-de-la-diabetes%2Fpara-pacientes%2F|title:Para%20pacientes\"]<\/div><\/div><\/section>[\/vc_column][vc_column width=&#8221;1\/4&#8243;]<section class=\"thememount-servicebox thememount-servicebox-bordercentericon  none \"><div class=\"thememount-servicebox-title-wrapper\"><i class=\"thememount-icon tmicon-fa-stethoscope icon-size-large icon-align-left thememount-ibgcolor thememount-ibgcolor-skincolor\"><\/i><h2 class=\"thememount-servicebox-title\"><a class=\"thememount-sb-title-link\" href=\"https:\/\/www.ahtricounty.com\/es\/programa-de-prevencion-de-la-diabetes\/para-proveedores\/\"\r\n   title=\"Para proveedores\" target=\"\">Para proveedores m\u00e9dicos<\/a><\/h2><div class=\"thememount-servicebox-content\">[vc_button2 title=\"LEER M\u00c1S\" style=\"rounded\" color=\"skincolor\" size=\"lg\" btniconposition=\"left\" btnicon=\"fa-angle-right\" link=\"url:https%3A%2F%2Fwww.ahtricounty.com%2Fes%2Fprograma-de-prevencion-de-la-diabetes%2Fpara-proveedores%2F|title:Para%20proveedores\"]<\/div><\/div><\/section>[\/vc_column][vc_column width=&#8221;1\/4&#8243;]<section class=\"thememount-servicebox thememount-servicebox-bordercentericon  none \"><div class=\"thememount-servicebox-title-wrapper\"><i class=\"thememount-icon tmicon-fa-heart icon-size-large icon-align-left thememount-ibgcolor thememount-ibgcolor-skincolor\"><\/i><h2 class=\"thememount-servicebox-title\"><a class=\"thememount-sb-title-link\" href=\"https:\/\/www.ahtricounty.com\/es\/programa-de-prevencion-de-la-diabetes\/haga-una-donacion\/\"\r\n   title=\"Haga una donaci\u00f3n\" target=\"\">Haga una donaci\u00f3n<\/a><\/h2><div class=\"thememount-servicebox-content\">[vc_button2 title=\"LEER M\u00c1S\" style=\"rounded\" color=\"skincolor\" size=\"lg\" btniconposition=\"left\" btnicon=\"fa-angle-right\" link=\"url:https%3A%2F%2Fwww.ahtricounty.com%2Fes%2Fprograma-de-prevencion-de-la-diabetes%2Fhaga-una-donacion%2F|title:Haga%20una%20donaci%C3%B3n\"]<\/div><\/div><\/section>[\/vc_column][vc_column width=&#8221;1\/4&#8243;]<section class=\"thememount-servicebox thememount-servicebox-bordercentericon  none \"><div class=\"thememount-servicebox-title-wrapper\"><i class=\"thememount-icon tmicon-fa-phone icon-size-large icon-align-left thememount-ibgcolor thememount-ibgcolor-skincolor\"><\/i><h2 class=\"thememount-servicebox-title\"><a class=\"thememount-sb-title-link\" href=\"https:\/\/www.ahtricounty.com\/es\/programa-de-prevencion-de-la-diabetes\/comuniquese-con-nosotros\/\"\r\n   title=\"Comun\u00edquese con nosotros\" target=\"\">Comun\u00edquese con nosotros<\/a><\/h2><div class=\"thememount-servicebox-content\">[vc_button2 title=\"LEER M\u00c1S\" style=\"rounded\" color=\"skincolor\" size=\"lg\" btniconposition=\"left\" btnicon=\"fa-angle-right\" link=\"url:https%3A%2F%2Fwww.ahtricounty.com%2Fes%2Fprograma-de-prevencion-de-la-diabetes%2Fcomuniquese-con-nosotros%2F|title:Comun%C3%ADquese%20con%20nosotros\"]<\/div><\/div><\/section>[\/vc_column][\/vc_row][vc_row css=&#8221;.vc_custom_1600375015400{padding-top: 0px !important;}&#8221;][vc_column][vc_single_image image=&#8221;44&#8243; img_size=&#8221;large&#8221; alignment=&#8221;center&#8221; style=&#8221;vc_box_rounded&#8221;][\/vc_column][\/vc_row]<\/p>\n<\/div>","protected":false},"excerpt":{"rendered":"<p>[vc_row][vc_column][vc_single_image image=&#8221;538&#8243; img_size=&#8221;full&#8221; alignment=&#8221;center&#8221; css=&#8221;&#8221;][vc_column_text css=&#8221;&#8221;] Nuestra misi\u00f3n es conocer la comunidad donde se encuentran; empoderarlos y brindarles las herramientas necesarias para cambiar el rumbo de su salud mediante educaci\u00f3n en prevenci\u00f3n de la diabetes. Actuamos como el CENTRO que nuclea los Programas de Prevenci\u00f3n de la Diabetes o DPP (Diabetes Prevention Programs) en los [&hellip;]<\/p>\n","protected":false},"author":1,"featured_media":0,"parent":0,"menu_order":0,"comment_status":"closed","ping_status":"closed","template":"","meta":{"footnotes":""},"class_list":["post-159","page","type-page","status-publish","hentry"],"_links":{"self":[{"href":"https:\/\/www.ahtricounty.com\/es\/wp-json\/wp\/v2\/pages\/159","targetHints":{"allow":["GET"]}}],"collection":[{"href":"https:\/\/www.ahtricounty.com\/es\/wp-json\/wp\/v2\/pages"}],"about":[{"href":"https:\/\/www.ahtricounty.com\/es\/wp-json\/wp\/v2\/types\/page"}],"author":[{"embeddable":true,"href":"https:\/\/www.ahtricounty.com\/es\/wp-json\/wp\/v2\/users\/1"}],"replies":[{"embeddable":true,"href":"https:\/\/www.ahtricounty.com\/es\/wp-json\/wp\/v2\/comments?post=159"}],"version-history":[{"count":3,"href":"https:\/\/www.ahtricounty.com\/es\/wp-json\/wp\/v2\/pages\/159\/revisions"}],"predecessor-version":[{"id":540,"href":"https:\/\/www.ahtricounty.com\/es\/wp-json\/wp\/v2\/pages\/159\/revisions\/540"}],"wp:attachment":[{"href":"https:\/\/www.ahtricounty.com\/es\/wp-json\/wp\/v2\/media?parent=159"}],"curies":[{"name":"wp","href":"https:\/\/api.w.org\/{rel}","templated":true}]}}