{"id":161,"date":"2020-09-17T10:25:45","date_gmt":"2020-09-17T14:25:45","guid":{"rendered":"http:\/\/www.ahtricounty.com\/?page_id=161"},"modified":"2024-11-09T17:52:24","modified_gmt":"2024-11-09T17:52:24","slug":"para-pacientes","status":"publish","type":"page","link":"https:\/\/www.ahtricounty.com\/es\/programa-de-prevencion-de-la-diabetes\/para-pacientes\/","title":{"rendered":"Para pacientes"},"content":{"rendered":"<div class=\"wpb-content-wrapper\"><p>[vc_row][vc_column][vc_single_image image=&#8221;541&#8243; img_size=&#8221;full&#8221; alignment=&#8221;center&#8221; css=&#8221;&#8221;][vc_row_inner][vc_column_inner width=&#8221;1\/2&#8243;][vc_column_text css=&#8221;&#8221;]<strong>\u00bfPodr\u00eda beneficiarlo un programa de cambio de estilo de vida? <\/strong><\/p>\n<p><strong>\u00a1Reduzcamos juntos su riesgo de diabetes tipo 2!<\/strong><\/p>\n<p>Si actualmente tiene prediabetes u obtuvo 5 puntos o m\u00e1s en la <a href=\"https:\/\/www.cdc.gov\/prediabetes\/takethetest\/\" target=\"_blank\" rel=\"noopener\">evaluaci\u00f3n de riesgo de los CDC<\/a>, usted tiene un alto riesgo de desarrollar diabetes tipo 2. La diabetes tipo 2 puede provocar muchos otros problemas de salud, incluso enfermedades renales y card\u00edacas. Nos complace invitarlo a inscribirse en un programa llamado PreventT2, que le brinda las herramientas que necesita para que pueda lograr cambiar el curso de su salud.<\/p>\n<p>\u00a1Este programa se ofrece en los condados de Charleston, Berkeley y Dorchester a bajo costo o sin costo para usted! El programa PreventT2 de cambio de estilo de vida forma parte del Programa Nacional de Prevenci\u00f3n de la Diabetes, dirigido por los Centros para el Control y la Prevenci\u00f3n de Enfermedades O CDC (Centers for Disease Control and Prevention). Este programa de eficacia comprobada puede ayudarlo a realizar cambios modestos en el estilo de vida y reducir su riesgo de diabetes tipo 2 en m\u00e1s de la mitad.<\/p>\n<p>Con el programa <strong>PreventT2<\/strong> usted recibe:<\/p>\n<ul>\n<li>Un plan de estudios aprobado por los CDC.<\/li>\n<li>Las habilidades que necesita para perder peso, estar f\u00edsicamente m\u00e1s activo y controlar el estr\u00e9s.<\/li>\n<li>Demostraciones de cocina e incentivos que incluyen libros de cocina, equipos para hacer ejercicio y m\u00e1s.<\/li>\n<li>Un instructor capacitado en estilo de vida para guiarlo y alentarlo.<\/li>\n<li>Apoyo de otros participantes que tienen los mismos objetivos que usted.<\/li>\n<li>Un programa de un a\u00f1o con reuniones semanales durante los primeros 6 meses, luego una o dos veces al mes durante los segundos 6 meses.<\/li>\n<\/ul>\n<p>\u00a1Inscribirse es una excelente manera de mejorar su salud!<\/p>\n<p>Si est\u00e1 interesado en el programa PreventT2 pero a\u00fan no ha sido diagnosticado como paciente prediab\u00e9tico, tome la siguiente prueba de riesgo de los CDC y env\u00ede sus resultados por correo electr\u00f3nico (si indican que est\u00e1 en riesgo) a <a href=\"mailto:AHTNDPP@rsfh.com\">AHTNDPP@rsfh.com<\/a>.[\/vc_column_text][vc_btn title=&#8221;Tome la prueba de prediabetes&#8221; size=&#8221;lg&#8221; align=&#8221;center&#8221; i_icon_fontawesome=&#8221;fas fa-arrow-right&#8221; css_animation=&#8221;fadeInLeft&#8221; css=&#8221;&#8221; add_icon=&#8221;true&#8221; link=&#8221;url:https%3A%2F%2Fwww.cdc.gov%2Fprediabetes%2Ftakethetest%2F|target:_blank&#8221;][vc_column_text css=&#8221;&#8221;]Adem\u00e1s de enviar sus resultados por correo electr\u00f3nico, complete el formulario de inscripci\u00f3n haciendo clic en el bot\u00f3n a continuaci\u00f3n. \u00a1Lo asignaremos a una clase que se adapte a sus necesidades![\/vc_column_text][\/vc_column_inner][vc_column_inner width=&#8221;1\/2&#8243;][vc_single_image image=&#8221;182&#8243; img_size=&#8221;large&#8221; alignment=&#8221;center&#8221; style=&#8221;vc_box_rounded&#8221; css_animation=&#8221;fadeInRight&#8221;][vc_single_image image=&#8221;185&#8243; img_size=&#8221;full&#8221; alignment=&#8221;center&#8221; style=&#8221;vc_box_rounded&#8221; css_animation=&#8221;fadeInRight&#8221;][\/vc_column_inner][\/vc_row_inner][vc_separator color=&#8221;custom&#8221; accent_color=&#8221;#175998&#8243;]<header class=\"thememount-heading-wrapper thememount-heading-wrapper-align-center\"><div class=\"thememount-heading-wrapper-inner\"><h2 class=\"thememount-heading-align-center\"><span>Solicitud de inscripci\u00f3n para clase<\/span><\/h2><\/div><p class=\"thememount-subheading\">* Campos obligatorios<\/p><\/header>\n<div class=\"wpcf7 no-js\" id=\"wpcf7-f184-o1\" lang=\"en-US\" dir=\"ltr\" data-wpcf7-id=\"184\">\n<div class=\"screen-reader-response\"><p role=\"status\" aria-live=\"polite\" aria-atomic=\"true\"><\/p> <ul><\/ul><\/div>\n<form action=\"\/es\/wp-json\/wp\/v2\/pages\/161#wpcf7-f184-o1\" method=\"post\" class=\"wpcf7-form init\" aria-label=\"Contact form\" novalidate=\"novalidate\" data-status=\"init\">\n<fieldset class=\"hidden-fields-container\"><input type=\"hidden\" name=\"_wpcf7\" value=\"184\" \/><input type=\"hidden\" name=\"_wpcf7_version\" value=\"6.1\" \/><input type=\"hidden\" name=\"_wpcf7_locale\" value=\"en_US\" \/><input type=\"hidden\" name=\"_wpcf7_unit_tag\" value=\"wpcf7-f184-o1\" \/><input type=\"hidden\" name=\"_wpcf7_container_post\" value=\"0\" \/><input type=\"hidden\" name=\"_wpcf7_posted_data_hash\" value=\"\" \/>\n<\/fieldset>\n<div class=\"uacf7-form-184  \"><div class=\"uacf7-row\"><div class=\"uacf7-col-6\"> \n\n*Nombre\n    <span class=\"wpcf7-form-control-wrap\" data-name=\"your-name\"><input size=\"40\" maxlength=\"400\" class=\"wpcf7-form-control wpcf7-text wpcf7-validates-as-required\" aria-required=\"true\" aria-invalid=\"false\" value=\"\" type=\"text\" name=\"your-name\" \/><\/span> \n\n*Correo electr\u00f3nico\n    <span class=\"wpcf7-form-control-wrap\" data-name=\"your-email\"><input size=\"40\" maxlength=\"400\" class=\"wpcf7-form-control wpcf7-email wpcf7-validates-as-required wpcf7-text wpcf7-validates-as-email\" aria-required=\"true\" aria-invalid=\"false\" value=\"\" type=\"email\" name=\"your-email\" \/><\/span> \n\n*Tel\u00e9fono\n    <span class=\"wpcf7-form-control-wrap\" data-name=\"phone\"><input size=\"40\" maxlength=\"400\" class=\"wpcf7-form-control wpcf7-text wpcf7-validates-as-required\" aria-required=\"true\" aria-invalid=\"false\" value=\"\" type=\"text\" name=\"phone\" \/><\/span> \n\n*C\u00f3digo postal\n    <span class=\"wpcf7-form-control-wrap\" data-name=\"your-zip\"><input size=\"40\" maxlength=\"400\" class=\"wpcf7-form-control wpcf7-text wpcf7-validates-as-required\" aria-required=\"true\" aria-invalid=\"false\" value=\"\" type=\"text\" name=\"your-zip\" \/><\/span> \n\n\u00bfC\u00f3mo supo de nosotros? \n<span class=\"wpcf7-form-control-wrap\" data-name=\"hear\"><select class=\"wpcf7-form-control wpcf7-select\" aria-invalid=\"false\" name=\"hear\"><option value=\"\u2014Elija una opci\u00f3n\u2014\">\u2014Elija una opci\u00f3n\u2014<\/option><option value=\"Recomendaci\u00f3n m\u00e9dica\">Recomendaci\u00f3n m\u00e9dica<\/option><option value=\"En l\u00ednea\">En l\u00ednea<\/option><option value=\"Folleto comunitario\">Folleto comunitario<\/option><option value=\"Amigo\/Familiar\">Amigo\/Familiar<\/option><option value=\"Miembro del personal de AccessHealth\">Miembro del personal de AccessHealth<\/option><option value=\"Otro\">Otro<\/option><\/select><\/span>\n\n\n\u00bfSe inscribe para un lugar espec\u00edfico? (responda solo si ya ha hablado con el instructor de estilo de vida de ese lugar)\n<span class=\"wpcf7-form-control-wrap\" data-name=\"location\"><input size=\"40\" maxlength=\"400\" class=\"wpcf7-form-control wpcf7-text\" aria-invalid=\"false\" value=\"\" type=\"text\" name=\"location\" \/><\/span>  \n \n<\/div><div class=\"uacf7-col-6\"> \n\n*\u00bfHa hecho la prueba de riesgo de prediabetes? <span class=\"wpcf7-form-control-wrap\" data-name=\"taken\"><select class=\"wpcf7-form-control wpcf7-select\" aria-invalid=\"false\" name=\"taken\"><option value=\"\u2014Elija una opci\u00f3n\u2014\">\u2014Elija una opci\u00f3n\u2014<\/option><option value=\"S\u00ed\">S\u00ed<\/option><option value=\"No\">No<\/option><option value=\"No estoy seguro\">No estoy seguro<\/option><\/select><\/span>\n\n*En ese caso, \u00bfqu\u00e9 puntaje obtuvo? De lo contrario, siga el enlace a continuaci\u00f3n para tomar la prueba y obtener el puntaje. <a href=\"https:\/\/www.cdc.gov\/diabetes\/takethetest\/\" target=\"blank\">https:\/\/www.cdc.gov\/diabetes\/takethetest\/<\/a>\n    <span class=\"wpcf7-form-control-wrap\" data-name=\"your-score\"><input size=\"40\" maxlength=\"400\" class=\"wpcf7-form-control wpcf7-text wpcf7-validates-as-required\" aria-required=\"true\" aria-invalid=\"false\" value=\"\" type=\"text\" name=\"your-score\" \/><\/span> <\/p>\n\n*\u00bfConoce su A1C? En ese caso, \u00bfcu\u00e1l fue la prueba m\u00e1s reciente?\n<span class=\"wpcf7-form-control-wrap\" data-name=\"a1c\"><input size=\"40\" maxlength=\"400\" class=\"wpcf7-form-control wpcf7-text wpcf7-validates-as-required\" aria-required=\"true\" aria-invalid=\"false\" value=\"\" type=\"text\" name=\"a1c\" \/><\/span> \n\n*Formato preferido de instrucci\u00f3n\/participaci\u00f3n en clase (seleccione todo lo que corresponda) <span class=\"wpcf7-form-control-wrap\" data-name=\"checkbox-959\"><span class=\"wpcf7-form-control wpcf7-checkbox wpcf7-validates-as-required\"><span class=\"wpcf7-list-item first\"><label><input type=\"checkbox\" name=\"checkbox-959[]\" value=\"Solo virtual\" \/><span class=\"wpcf7-list-item-label\">Solo virtual<\/span><\/label><\/span><span class=\"wpcf7-list-item last\"><label><input type=\"checkbox\" name=\"checkbox-959[]\" value=\"Presencial (siguiendo los protocolos de distanciamiento social)\" \/><span class=\"wpcf7-list-item-label\">Presencial (siguiendo los protocolos de distanciamiento social)<\/span><\/label><\/span><\/span><\/span> \n\nD\u00edas y horarios disponibles para la clase (seleccione todo lo que corresponda). \n\u00a1Esta informaci\u00f3n nos ayuda a ubicarlo en una clase acorde a su horario!\n<span class=\"wpcf7-form-control-wrap\" data-name=\"available\"><span class=\"wpcf7-form-control wpcf7-checkbox wpcf7-validates-as-required\"><span class=\"wpcf7-list-item first\"><label><input type=\"checkbox\" name=\"available[]\" value=\"Martes 10 a. m.\" \/><span class=\"wpcf7-list-item-label\">Martes 10 a. m.<\/span><\/label><\/span><span class=\"wpcf7-list-item\"><label><input type=\"checkbox\" name=\"available[]\" value=\"Martes 2 p. m.\" \/><span class=\"wpcf7-list-item-label\">Martes 2 p. m.<\/span><\/label><\/span><span class=\"wpcf7-list-item\"><label><input type=\"checkbox\" name=\"available[]\" value=\"Jueves 10 a. m.\" \/><span class=\"wpcf7-list-item-label\">Jueves 10 a. m.<\/span><\/label><\/span><span class=\"wpcf7-list-item last\"><label><input type=\"checkbox\" name=\"available[]\" value=\"Jueves 2 p. m.\" \/><span class=\"wpcf7-list-item-label\">Jueves 2 p. m.<\/span><\/label><\/span><\/span><\/span>\n\n <\/div><\/div>\n\nNecesidades adicionales que le gustar\u00eda que conozcamos (por ejemplo, transporte, computadora, etc.) *Esta informaci\u00f3n es confidencial y solo la puede ver el personal del DPP*\n<span class=\"wpcf7-form-control-wrap\" data-name=\"info\"><textarea cols=\"40\" rows=\"2\" maxlength=\"2000\" class=\"wpcf7-form-control wpcf7-textarea\" aria-invalid=\"false\" name=\"info\"><\/textarea><\/span>\n\n<input class=\"wpcf7-form-control wpcf7-submit has-spinner\" type=\"submit\" value=\"ENVIAR\" \/><\/div><div class=\"wpcf7-response-output\" aria-hidden=\"true\"><\/div>\n<\/form>\n<\/div>\n[vc_empty_space][\/vc_column][\/vc_row][vc_row css=&#8221;.vc_custom_1600375084183{padding-top: 0px !important;}&#8221;][vc_column][vc_single_image image=&#8221;44&#8243; img_size=&#8221;large&#8221; alignment=&#8221;center&#8221; style=&#8221;vc_box_rounded&#8221;][\/vc_column][\/vc_row][vc_row disable_element=&#8221;yes&#8221;][vc_column][vc_column_text]<h2 id=\"tablepress-1-name\" class=\"tablepress-table-name tablepress-table-name-id-1\">There is a DPP class near you!<\/h2>\n\n<table id=\"tablepress-1\" class=\"tablepress tablepress-id-1\" aria-labelledby=\"tablepress-1-name\">\n<thead>\n<tr class=\"row-1\">\n\t<th class=\"column-1\">Organization\/ location<\/th><th class=\"column-2\">Day\/Time<\/th><th class=\"column-3\">Next Information Session<\/th>\n<\/tr>\n<\/thead>\n<tbody class=\"row-striping row-hover\">\n<tr class=\"row-2\">\n\t<td class=\"column-1\">Charleston County Public Library<\/td><td class=\"column-2\"><\/td><td class=\"column-3\"><\/td>\n<\/tr>\n<tr class=\"row-3\">\n\t<td class=\"column-1\">AccessHealth Tri-County Network<\/td><td class=\"column-2\">Virtual<\/td><td class=\"column-3\"><\/td>\n<\/tr>\n<tr class=\"row-4\">\n\t<td class=\"column-1\">Alvin Recreation Center<\/td><td class=\"column-2\">Virtual<\/td><td class=\"column-3\"><\/td>\n<\/tr>\n<tr class=\"row-5\">\n\t<td class=\"column-1\">Community's Hope Impact Center<\/td><td class=\"column-2\">Virtual<\/td><td class=\"column-3\"><\/td>\n<\/tr>\n<tr class=\"row-6\">\n\t<td class=\"column-1\">MUSC Health SHINE<\/td><td class=\"column-2\">Virtual<\/td><td class=\"column-3\"><\/td>\n<\/tr>\n<tr class=\"row-7\">\n\t<td class=\"column-1\">Lowcountry Senior Center and Waring Senior Center<\/td><td class=\"column-2\">Virtual<\/td><td class=\"column-3\"><\/td>\n<\/tr>\n<tr class=\"row-8\">\n\t<td class=\"column-1\">Summerville YMCA<\/td><td class=\"column-2\">Virtual<\/td><td class=\"column-3\"><\/td>\n<\/tr>\n<\/tbody>\n<\/table>\n[\/vc_column_text]\n<div class=\"wpcf7 no-js\" id=\"wpcf7-f184-o2\" lang=\"en-US\" dir=\"ltr\" data-wpcf7-id=\"184\">\n<div class=\"screen-reader-response\"><p role=\"status\" aria-live=\"polite\" aria-atomic=\"true\"><\/p> <ul><\/ul><\/div>\n<form action=\"\/es\/wp-json\/wp\/v2\/pages\/161#wpcf7-f184-o2\" method=\"post\" class=\"wpcf7-form init\" aria-label=\"Contact form\" novalidate=\"novalidate\" data-status=\"init\">\n<fieldset class=\"hidden-fields-container\"><input type=\"hidden\" name=\"_wpcf7\" value=\"184\" \/><input type=\"hidden\" name=\"_wpcf7_version\" value=\"6.1\" \/><input type=\"hidden\" name=\"_wpcf7_locale\" value=\"en_US\" \/><input type=\"hidden\" name=\"_wpcf7_unit_tag\" value=\"wpcf7-f184-o2\" \/><input type=\"hidden\" name=\"_wpcf7_container_post\" value=\"0\" \/><input type=\"hidden\" name=\"_wpcf7_posted_data_hash\" value=\"\" \/>\n<\/fieldset>\n<div class=\"uacf7-form-184  \"><div class=\"uacf7-row\"><div class=\"uacf7-col-6\"> \n\n*Nombre\n    <span class=\"wpcf7-form-control-wrap\" data-name=\"your-name\"><input size=\"40\" maxlength=\"400\" class=\"wpcf7-form-control wpcf7-text wpcf7-validates-as-required\" aria-required=\"true\" aria-invalid=\"false\" value=\"\" type=\"text\" name=\"your-name\" \/><\/span> \n\n*Correo electr\u00f3nico\n    <span class=\"wpcf7-form-control-wrap\" data-name=\"your-email\"><input size=\"40\" maxlength=\"400\" class=\"wpcf7-form-control wpcf7-email wpcf7-validates-as-required wpcf7-text wpcf7-validates-as-email\" aria-required=\"true\" aria-invalid=\"false\" value=\"\" type=\"email\" name=\"your-email\" \/><\/span> \n\n*Tel\u00e9fono\n    <span class=\"wpcf7-form-control-wrap\" data-name=\"phone\"><input size=\"40\" maxlength=\"400\" class=\"wpcf7-form-control wpcf7-text wpcf7-validates-as-required\" aria-required=\"true\" aria-invalid=\"false\" value=\"\" type=\"text\" name=\"phone\" \/><\/span> \n\n*C\u00f3digo postal\n    <span class=\"wpcf7-form-control-wrap\" data-name=\"your-zip\"><input size=\"40\" maxlength=\"400\" class=\"wpcf7-form-control wpcf7-text wpcf7-validates-as-required\" aria-required=\"true\" aria-invalid=\"false\" value=\"\" type=\"text\" name=\"your-zip\" \/><\/span> \n\n\u00bfC\u00f3mo supo de nosotros? \n<span class=\"wpcf7-form-control-wrap\" data-name=\"hear\"><select class=\"wpcf7-form-control wpcf7-select\" aria-invalid=\"false\" name=\"hear\"><option value=\"\u2014Elija una opci\u00f3n\u2014\">\u2014Elija una opci\u00f3n\u2014<\/option><option value=\"Recomendaci\u00f3n m\u00e9dica\">Recomendaci\u00f3n m\u00e9dica<\/option><option value=\"En l\u00ednea\">En l\u00ednea<\/option><option value=\"Folleto comunitario\">Folleto comunitario<\/option><option value=\"Amigo\/Familiar\">Amigo\/Familiar<\/option><option value=\"Miembro del personal de AccessHealth\">Miembro del personal de AccessHealth<\/option><option value=\"Otro\">Otro<\/option><\/select><\/span>\n\n\n\u00bfSe inscribe para un lugar espec\u00edfico? (responda solo si ya ha hablado con el instructor de estilo de vida de ese lugar)\n<span class=\"wpcf7-form-control-wrap\" data-name=\"location\"><input size=\"40\" maxlength=\"400\" class=\"wpcf7-form-control wpcf7-text\" aria-invalid=\"false\" value=\"\" type=\"text\" name=\"location\" \/><\/span>  \n \n<\/div><div class=\"uacf7-col-6\"> \n\n*\u00bfHa hecho la prueba de riesgo de prediabetes? <span class=\"wpcf7-form-control-wrap\" data-name=\"taken\"><select class=\"wpcf7-form-control wpcf7-select\" aria-invalid=\"false\" name=\"taken\"><option value=\"\u2014Elija una opci\u00f3n\u2014\">\u2014Elija una opci\u00f3n\u2014<\/option><option value=\"S\u00ed\">S\u00ed<\/option><option value=\"No\">No<\/option><option value=\"No estoy seguro\">No estoy seguro<\/option><\/select><\/span>\n\n*En ese caso, \u00bfqu\u00e9 puntaje obtuvo? De lo contrario, siga el enlace a continuaci\u00f3n para tomar la prueba y obtener el puntaje. <a href=\"https:\/\/www.cdc.gov\/diabetes\/takethetest\/\" target=\"blank\">https:\/\/www.cdc.gov\/diabetes\/takethetest\/<\/a>\n    <span class=\"wpcf7-form-control-wrap\" data-name=\"your-score\"><input size=\"40\" maxlength=\"400\" class=\"wpcf7-form-control wpcf7-text wpcf7-validates-as-required\" aria-required=\"true\" aria-invalid=\"false\" value=\"\" type=\"text\" name=\"your-score\" \/><\/span> <\/p>\n\n*\u00bfConoce su A1C? En ese caso, \u00bfcu\u00e1l fue la prueba m\u00e1s reciente?\n<span class=\"wpcf7-form-control-wrap\" data-name=\"a1c\"><input size=\"40\" maxlength=\"400\" class=\"wpcf7-form-control wpcf7-text wpcf7-validates-as-required\" aria-required=\"true\" aria-invalid=\"false\" value=\"\" type=\"text\" name=\"a1c\" \/><\/span> \n\n*Formato preferido de instrucci\u00f3n\/participaci\u00f3n en clase (seleccione todo lo que corresponda) <span class=\"wpcf7-form-control-wrap\" data-name=\"checkbox-959\"><span class=\"wpcf7-form-control wpcf7-checkbox wpcf7-validates-as-required\"><span class=\"wpcf7-list-item first\"><label><input type=\"checkbox\" name=\"checkbox-959[]\" value=\"Solo virtual\" \/><span class=\"wpcf7-list-item-label\">Solo virtual<\/span><\/label><\/span><span class=\"wpcf7-list-item last\"><label><input type=\"checkbox\" name=\"checkbox-959[]\" value=\"Presencial (siguiendo los protocolos de distanciamiento social)\" \/><span class=\"wpcf7-list-item-label\">Presencial (siguiendo los protocolos de distanciamiento social)<\/span><\/label><\/span><\/span><\/span> \n\nD\u00edas y horarios disponibles para la clase (seleccione todo lo que corresponda). \n\u00a1Esta informaci\u00f3n nos ayuda a ubicarlo en una clase acorde a su horario!\n<span class=\"wpcf7-form-control-wrap\" data-name=\"available\"><span class=\"wpcf7-form-control wpcf7-checkbox wpcf7-validates-as-required\"><span class=\"wpcf7-list-item first\"><label><input type=\"checkbox\" name=\"available[]\" value=\"Martes 10 a. m.\" \/><span class=\"wpcf7-list-item-label\">Martes 10 a. m.<\/span><\/label><\/span><span class=\"wpcf7-list-item\"><label><input type=\"checkbox\" name=\"available[]\" value=\"Martes 2 p. m.\" \/><span class=\"wpcf7-list-item-label\">Martes 2 p. m.<\/span><\/label><\/span><span class=\"wpcf7-list-item\"><label><input type=\"checkbox\" name=\"available[]\" value=\"Jueves 10 a. m.\" \/><span class=\"wpcf7-list-item-label\">Jueves 10 a. m.<\/span><\/label><\/span><span class=\"wpcf7-list-item last\"><label><input type=\"checkbox\" name=\"available[]\" value=\"Jueves 2 p. m.\" \/><span class=\"wpcf7-list-item-label\">Jueves 2 p. m.<\/span><\/label><\/span><\/span><\/span>\n\n <\/div><\/div>\n\nNecesidades adicionales que le gustar\u00eda que conozcamos (por ejemplo, transporte, computadora, etc.) *Esta informaci\u00f3n es confidencial y solo la puede ver el personal del DPP*\n<span class=\"wpcf7-form-control-wrap\" data-name=\"info\"><textarea cols=\"40\" rows=\"2\" maxlength=\"2000\" class=\"wpcf7-form-control wpcf7-textarea\" aria-invalid=\"false\" name=\"info\"><\/textarea><\/span>\n\n<input class=\"wpcf7-form-control wpcf7-submit has-spinner\" type=\"submit\" value=\"ENVIAR\" \/><\/div><div class=\"wpcf7-response-output\" aria-hidden=\"true\"><\/div>\n<\/form>\n<\/div>\n[\/vc_column][\/vc_row]<\/p>\n<\/div>","protected":false},"excerpt":{"rendered":"<p>[vc_row][vc_column][vc_single_image image=&#8221;541&#8243; img_size=&#8221;full&#8221; alignment=&#8221;center&#8221; css=&#8221;&#8221;][vc_row_inner][vc_column_inner width=&#8221;1\/2&#8243;][vc_column_text css=&#8221;&#8221;]\u00bfPodr\u00eda beneficiarlo un programa de cambio de estilo de vida? \u00a1Reduzcamos juntos su riesgo de diabetes tipo 2! Si actualmente tiene prediabetes u obtuvo 5 puntos o m\u00e1s en la evaluaci\u00f3n de riesgo de los CDC, usted tiene un alto riesgo de desarrollar diabetes tipo 2. La diabetes tipo [&hellip;]<\/p>\n","protected":false},"author":1,"featured_media":0,"parent":159,"menu_order":0,"comment_status":"closed","ping_status":"closed","template":"","meta":{"footnotes":""},"class_list":["post-161","page","type-page","status-publish","hentry"],"_links":{"self":[{"href":"https:\/\/www.ahtricounty.com\/es\/wp-json\/wp\/v2\/pages\/161","targetHints":{"allow":["GET"]}}],"collection":[{"href":"https:\/\/www.ahtricounty.com\/es\/wp-json\/wp\/v2\/pages"}],"about":[{"href":"https:\/\/www.ahtricounty.com\/es\/wp-json\/wp\/v2\/types\/page"}],"author":[{"embeddable":true,"href":"https:\/\/www.ahtricounty.com\/es\/wp-json\/wp\/v2\/users\/1"}],"replies":[{"embeddable":true,"href":"https:\/\/www.ahtricounty.com\/es\/wp-json\/wp\/v2\/comments?post=161"}],"version-history":[{"count":4,"href":"https:\/\/www.ahtricounty.com\/es\/wp-json\/wp\/v2\/pages\/161\/revisions"}],"predecessor-version":[{"id":544,"href":"https:\/\/www.ahtricounty.com\/es\/wp-json\/wp\/v2\/pages\/161\/revisions\/544"}],"up":[{"embeddable":true,"href":"https:\/\/www.ahtricounty.com\/es\/wp-json\/wp\/v2\/pages\/159"}],"wp:attachment":[{"href":"https:\/\/www.ahtricounty.com\/es\/wp-json\/wp\/v2\/media?parent=161"}],"curies":[{"name":"wp","href":"https:\/\/api.w.org\/{rel}","templated":true}]}}