{"id":163,"date":"2020-09-17T10:26:03","date_gmt":"2020-09-17T14:26:03","guid":{"rendered":"http:\/\/www.ahtricounty.com\/?page_id=163"},"modified":"2024-11-13T17:53:39","modified_gmt":"2024-11-13T17:53:39","slug":"para-proveedores","status":"publish","type":"page","link":"https:\/\/www.ahtricounty.com\/es\/programa-de-prevencion-de-la-diabetes\/para-proveedores\/","title":{"rendered":"Para proveedores"},"content":{"rendered":"<div class=\"wpb-content-wrapper\"><p>[vc_row][vc_column][vc_single_image image=&#8221;545&#8243; img_size=&#8221;full&#8221; alignment=&#8221;center&#8221; css=&#8221;&#8221;][vc_column_text css=&#8221;&#8221;]<strong>\u00bfSus pacientes podr\u00edan beneficiarse de un Programa de Prevenci\u00f3n de la Diabetes?<\/strong><\/p>\n<p>El plan de mejora de la salud en los tres condados de 2018-2023 identific\u00f3 la necesidad de aumentar las pruebas de detecci\u00f3n y la intervenci\u00f3n de prediabetes para responder a la alta carga de diabetes tipo 2 en el \u00e1rea de los tres condados. Esperamos poder colaborar con usted para mejorar la salud de sus pacientes y evitar que desarrollen diabetes tipo 2 y otras afecciones cr\u00f3nicas a trav\u00e9s de un programa gratuito o de bajo costo basado en evidencia que se detalla a continuaci\u00f3n.<\/p>\n<p>El Programa Nacional de Prevenci\u00f3n de la Diabetes es un programa dirigido por los CDC dise\u00f1ado para promover cambios de estilo de vida en personas con prediabetes diagnosticada o que corren un alto riesgo de desarrollar diabetes tipo 2. En los adultos que cumplen con los criterios para inscribirse en un programa de prevenci\u00f3n de la diabetes, se ha demostrado que este plan de estudios reduce el riesgo de desarrollar diabetes tipo 2 en un 58 % y reduce el riesgo de otras afecciones cr\u00f3nicas.<\/p>\n<p>Con el programa <strong>PreventT2<\/strong> usted recibe:<\/p>\n<ul>\n<li>Un plan de estudios aprobado por los CDC.<\/li>\n<li>Las habilidades que necesita para perder peso, estar f\u00edsicamente m\u00e1s activo y controlar el estr\u00e9s.<\/li>\n<li>Demostraciones de cocina e incentivos que incluyen libros de cocina, equipos para hacer ejercicio y m\u00e1s.<\/li>\n<li>Un instructor capacitado en estilo de vida para guiarlo y alentarlo.<\/li>\n<li>Apoyo de otros participantes que tienen los mismos objetivos que usted.<\/li>\n<li>Un programa de un a\u00f1o con reuniones semanales durante los primeros 6 meses, luego una o dos veces al mes durante los segundos 6 meses.<\/li>\n<\/ul>\n<p>Las personas que ingresen a la Expansi\u00f3n del Proyecto de Prevenci\u00f3n de la Diabetes de AccessHealth Tri-Country Network, patrocinado por Trident United Way, deben tener sobrepeso (IMC&gt;25) y cumplir con al menos una de las siguientes especificaciones seg\u00fan lo establecido por los Est\u00e1ndares y Procedimientos Operativos del Programa de Reconocimiento de Prevenci\u00f3n de la Diabetes de los Centros para el Control y la Prevenci\u00f3n de Enfermedades, publicado el 1.\u00ba de marzo de 2018:<\/p>\n<ul>\n<li>Glucosa en ayunas de 100-125 mg\/dl<\/li>\n<li>Glucosa en plasma medida 2 horas despu\u00e9s de una carga de glucosa de 75\u00a0g de 140-199\u00a0mg\/dl<\/li>\n<li>A1C de 5.7-6.4<\/li>\n<li>Diabetes mellitus gestacional (DMG) diagnosticada cl\u00ednicamente durante un embarazo anterior (puede ser autoinformada)<\/li>\n<li>Una prueba de detecci\u00f3n de prediabetes con resultado positivo basada en la Prueba de Detecci\u00f3n de Prediabetes de los CDC (<a href=\"https:\/\/www.cdc.gov\/prediabetes\/takethetest\/\" target=\"_blank\" rel=\"noopener\">https:\/\/www.cdc.gov\/prediabetes\/takethetest\/<\/a>)<\/li>\n<li>No tener un diagn\u00f3stico actual ni previo de diabetes tipo 1 o tipo 2<\/li>\n<\/ul>\n<p>[\/vc_column_text][vc_btn title=&#8221;Tome la prueba de prediabetes&#8221; size=&#8221;lg&#8221; align=&#8221;center&#8221; i_icon_fontawesome=&#8221;fas fa-arrow-right&#8221; css=&#8221;&#8221; add_icon=&#8221;true&#8221; link=&#8221;url:https%3A%2F%2Fwww.cdc.gov%2Fprediabetes%2Ftakethetest%2F|target:_blank&#8221;][vc_column_text css=&#8221;&#8221;]<\/p>\n<p style=\"text-align: center;\">Para m\u00e1s informaci\u00f3n, o para recibir un folleto para participantes que puede distribuir en su consultorio, comun\u00edquese con<\/p>\n<p style=\"text-align: center;\">Sha\u2019Vonda Jones, trabajadora de salud comunitaria,<\/p>\n<p style=\"text-align: center;\">por correo electr\u00f3nico: <a href=\"mailto:Sha'Vonda.Jones@rsfh.com\">Sha&#8217;Vonda.Jones@rsfh.com<\/a> o por tel\u00e9fono al <a href=\"tel:+1843-402-2200\">843-402-2200<\/a> o <a href=\"tel:+1843-743-2777\">843-743-2777<\/a><\/p>\n<p>Sepa que, cuando derive a sus pacientes, utilizaremos el proceso del ciclo de retroalimentaci\u00f3n bidireccional que describe la Asociaci\u00f3n M\u00e9dica Estadounidense o AMA (American Medical Association) para colaborar con usted y lograr los mejores resultados para sus pacientes. Este proceso se detalla a continuaci\u00f3n:[\/vc_column_text][vc_row_inner][vc_column_inner width=&#8221;1\/2&#8243;][vc_single_image image=&#8221;190&#8243; img_size=&#8221;large&#8221; alignment=&#8221;center&#8221; style=&#8221;vc_box_rounded&#8221; onclick=&#8221;link_image&#8221;][\/vc_column_inner][vc_column_inner width=&#8221;1\/2&#8243;][vc_single_image image=&#8221;193&#8243; img_size=&#8221;large&#8221; alignment=&#8221;center&#8221; style=&#8221;vc_box_rounded&#8221; onclick=&#8221;link_image&#8221;][\/vc_column_inner][\/vc_row_inner][vc_btn title=&#8221;Descargue el proceso del ciclo de retroalimentaci\u00f3n bidireccional&#8221; size=&#8221;lg&#8221; align=&#8221;center&#8221; i_icon_fontawesome=&#8221;&#8221; css=&#8221;&#8221; add_icon=&#8221;true&#8221; link=&#8221;url:http%3A%2F%2Fwww.ahtricounty.com%2Fwp-content%2Fuploads%2FBidirectional-Feedback-Loop.pdf|target:_blank&#8221;][vc_column_text css=&#8221;&#8221;]Si su paciente es candidato al programa Prevent T2, complete la herramienta de derivaci\u00f3n haciendo clic en el bot\u00f3n de abajo para que podamos ponernos en contacto con \u00e9l\/ella para inscribirlo\/a en nuestro pr\u00f3ximo programa.[\/vc_column_text][vc_separator color=&#8221;custom&#8221; accent_color=&#8221;#175998&#8243;]<header class=\"thememount-heading-wrapper thememount-heading-wrapper-align-center\"><div class=\"thememount-heading-wrapper-inner\"><h2 class=\"thememount-heading-align-center\"><span>Solicitud de inscripci\u00f3n para clase<\/span><\/h2><\/div><p class=\"thememount-subheading\">* Campos obligatorios<\/p><\/header>\n<div class=\"wpcf7 no-js\" id=\"wpcf7-f199-o1\" lang=\"en-US\" dir=\"ltr\" data-wpcf7-id=\"199\">\n<div class=\"screen-reader-response\"><p role=\"status\" aria-live=\"polite\" aria-atomic=\"true\"><\/p> <ul><\/ul><\/div>\n<form action=\"\/es\/wp-json\/wp\/v2\/pages\/163#wpcf7-f199-o1\" method=\"post\" class=\"wpcf7-form init\" aria-label=\"Contact form\" novalidate=\"novalidate\" data-status=\"init\">\n<fieldset class=\"hidden-fields-container\"><input type=\"hidden\" name=\"_wpcf7\" value=\"199\" \/><input type=\"hidden\" name=\"_wpcf7_version\" value=\"6.1\" \/><input type=\"hidden\" name=\"_wpcf7_locale\" value=\"en_US\" \/><input type=\"hidden\" name=\"_wpcf7_unit_tag\" value=\"wpcf7-f199-o1\" \/><input type=\"hidden\" name=\"_wpcf7_container_post\" value=\"0\" \/><input type=\"hidden\" name=\"_wpcf7_posted_data_hash\" value=\"\" \/>\n<\/fieldset>\n<div class=\"uacf7-form-199  \"><div class=\"uacf7-row\"><div class=\"uacf7-col-6\"> \n\n*Nombre\n    <span class=\"wpcf7-form-control-wrap\" data-name=\"your-name\"><input size=\"40\" maxlength=\"400\" class=\"wpcf7-form-control wpcf7-text wpcf7-validates-as-required\" aria-required=\"true\" aria-invalid=\"false\" value=\"\" type=\"text\" name=\"your-name\" \/><\/span> \n\n*Correo electr\u00f3nico\n    <span class=\"wpcf7-form-control-wrap\" data-name=\"your-email\"><input size=\"40\" maxlength=\"400\" class=\"wpcf7-form-control wpcf7-email wpcf7-validates-as-required wpcf7-text wpcf7-validates-as-email\" aria-required=\"true\" aria-invalid=\"false\" value=\"\" type=\"email\" name=\"your-email\" \/><\/span> \n\n*Tel\u00e9fono\n    <span class=\"wpcf7-form-control-wrap\" data-name=\"phone\"><input size=\"40\" maxlength=\"400\" class=\"wpcf7-form-control wpcf7-text wpcf7-validates-as-required\" aria-required=\"true\" aria-invalid=\"false\" value=\"\" type=\"text\" name=\"phone\" \/><\/span> \n\n*C\u00f3digo postal\n    <span class=\"wpcf7-form-control-wrap\" data-name=\"your-zip\"><input size=\"40\" maxlength=\"400\" class=\"wpcf7-form-control wpcf7-text wpcf7-validates-as-required\" aria-required=\"true\" aria-invalid=\"false\" value=\"\" type=\"text\" name=\"your-zip\" \/><\/span> \n\n\u00bfC\u00f3mo supo de nosotros? \n<span class=\"wpcf7-form-control-wrap\" data-name=\"hear\"><select class=\"wpcf7-form-control wpcf7-select\" aria-invalid=\"false\" name=\"hear\"><option value=\"\u2014Elija una opci\u00f3n\u2014\">\u2014Elija una opci\u00f3n\u2014<\/option><option value=\"Recomendaci\u00f3n m\u00e9dica\">Recomendaci\u00f3n m\u00e9dica<\/option><option value=\"En l\u00ednea\">En l\u00ednea<\/option><option value=\"Folleto comunitario\">Folleto comunitario<\/option><option value=\"Amigo\/Familiar\">Amigo\/Familiar<\/option><option value=\"Miembro del personal de AccessHealth\">Miembro del personal de AccessHealth<\/option><option value=\"Otro\">Otro<\/option><\/select><\/span>\n\n\n\u00bfSe inscribe para un lugar espec\u00edfico? (responda solo si ya ha hablado con el instructor de estilo de vida de ese lugar)\n<span class=\"wpcf7-form-control-wrap\" data-name=\"location\"><input size=\"40\" maxlength=\"400\" class=\"wpcf7-form-control wpcf7-text\" aria-invalid=\"false\" value=\"\" type=\"text\" name=\"location\" \/><\/span>  \n \n<\/div><div class=\"uacf7-col-6\"> \n\n*\u00bfHa hecho la prueba de riesgo de prediabetes? <span class=\"wpcf7-form-control-wrap\" data-name=\"taken\"><select class=\"wpcf7-form-control wpcf7-select\" aria-invalid=\"false\" name=\"taken\"><option value=\"\u2014Elija una opci\u00f3n\u2014\">\u2014Elija una opci\u00f3n\u2014<\/option><option value=\"S\u00ed\">S\u00ed<\/option><option value=\"No\">No<\/option><option value=\"No estoy seguro\">No estoy seguro<\/option><\/select><\/span>\n\n*En ese caso, \u00bfqu\u00e9 puntaje obtuvo? De lo contrario, siga el enlace a continuaci\u00f3n para tomar la prueba y obtener el puntaje. <a href=\"https:\/\/www.cdc.gov\/diabetes\/takethetest\/\" target=\"blank\">https:\/\/www.cdc.gov\/diabetes\/takethetest\/<\/a>\n    <span class=\"wpcf7-form-control-wrap\" data-name=\"your-score\"><input size=\"40\" maxlength=\"400\" class=\"wpcf7-form-control wpcf7-text wpcf7-validates-as-required\" aria-required=\"true\" aria-invalid=\"false\" value=\"\" type=\"text\" name=\"your-score\" \/><\/span> <\/p>\n\n*\u00bfConoce su A1C? En ese caso, \u00bfcu\u00e1l fue la prueba m\u00e1s reciente?\n<span class=\"wpcf7-form-control-wrap\" data-name=\"a1c\"><input size=\"40\" maxlength=\"400\" class=\"wpcf7-form-control wpcf7-text wpcf7-validates-as-required\" aria-required=\"true\" aria-invalid=\"false\" value=\"\" type=\"text\" name=\"a1c\" \/><\/span> \n\n*Formato preferido de instrucci\u00f3n\/participaci\u00f3n en clase (seleccione todo lo que corresponda) <span class=\"wpcf7-form-control-wrap\" data-name=\"checkbox-959\"><span class=\"wpcf7-form-control wpcf7-checkbox wpcf7-validates-as-required\"><span class=\"wpcf7-list-item first\"><label><input type=\"checkbox\" name=\"checkbox-959[]\" value=\"Solo virtual\" \/><span class=\"wpcf7-list-item-label\">Solo virtual<\/span><\/label><\/span><span class=\"wpcf7-list-item last\"><label><input type=\"checkbox\" name=\"checkbox-959[]\" value=\"Presencial (siguiendo los protocolos de distanciamiento social)\" \/><span class=\"wpcf7-list-item-label\">Presencial (siguiendo los protocolos de distanciamiento social)<\/span><\/label><\/span><\/span><\/span> \n\nD\u00edas y horarios disponibles para la clase (seleccione todo lo que corresponda). \n\u00a1Esta informaci\u00f3n nos ayuda a ubicarlo en una clase acorde a su horario!\n<span class=\"wpcf7-form-control-wrap\" data-name=\"available\"><span class=\"wpcf7-form-control wpcf7-checkbox wpcf7-validates-as-required\"><span class=\"wpcf7-list-item first\"><label><input type=\"checkbox\" name=\"available[]\" value=\"Martes 10 a. m.\" \/><span class=\"wpcf7-list-item-label\">Martes 10 a. m.<\/span><\/label><\/span><span class=\"wpcf7-list-item\"><label><input type=\"checkbox\" name=\"available[]\" value=\"Martes 2 p. m.\" \/><span class=\"wpcf7-list-item-label\">Martes 2 p. m.<\/span><\/label><\/span><span class=\"wpcf7-list-item\"><label><input type=\"checkbox\" name=\"available[]\" value=\"Jueves 10 a. m.\" \/><span class=\"wpcf7-list-item-label\">Jueves 10 a. m.<\/span><\/label><\/span><span class=\"wpcf7-list-item last\"><label><input type=\"checkbox\" name=\"available[]\" value=\"Jueves 2 p. m.\" \/><span class=\"wpcf7-list-item-label\">Jueves 2 p. m.<\/span><\/label><\/span><\/span><\/span>\n\n <\/div><\/div>\n\nNecesidades adicionales que le gustar\u00eda que conozcamos (por ejemplo, transporte, computadora, etc.) *Esta informaci\u00f3n es confidencial y solo la puede ver el personal del DPP*\n<span class=\"wpcf7-form-control-wrap\" data-name=\"info\"><textarea cols=\"40\" rows=\"2\" maxlength=\"2000\" class=\"wpcf7-form-control wpcf7-textarea\" aria-invalid=\"false\" name=\"info\"><\/textarea><\/span>\n\n<input class=\"wpcf7-form-control wpcf7-submit has-spinner\" type=\"submit\" value=\"ENVIAR\" \/><\/div><div class=\"wpcf7-response-output\" aria-hidden=\"true\"><\/div>\n<\/form>\n<\/div>\n[\/vc_column][\/vc_row][vc_row css=&#8221;.vc_custom_1600375119034{padding-top: 0px !important;}&#8221;][vc_column][vc_single_image image=&#8221;44&#8243; img_size=&#8221;large&#8221; alignment=&#8221;center&#8221; style=&#8221;vc_box_rounded&#8221;][\/vc_column][\/vc_row][vc_row disable_element=&#8221;yes&#8221;][vc_column]\n<div class=\"wpcf7 no-js\" id=\"wpcf7-f199-o2\" lang=\"en-US\" dir=\"ltr\" data-wpcf7-id=\"199\">\n<div class=\"screen-reader-response\"><p role=\"status\" aria-live=\"polite\" aria-atomic=\"true\"><\/p> <ul><\/ul><\/div>\n<form action=\"\/es\/wp-json\/wp\/v2\/pages\/163#wpcf7-f199-o2\" method=\"post\" class=\"wpcf7-form init\" aria-label=\"Contact form\" novalidate=\"novalidate\" data-status=\"init\">\n<fieldset class=\"hidden-fields-container\"><input type=\"hidden\" name=\"_wpcf7\" value=\"199\" \/><input type=\"hidden\" name=\"_wpcf7_version\" value=\"6.1\" \/><input type=\"hidden\" name=\"_wpcf7_locale\" value=\"en_US\" \/><input type=\"hidden\" name=\"_wpcf7_unit_tag\" value=\"wpcf7-f199-o2\" \/><input type=\"hidden\" name=\"_wpcf7_container_post\" value=\"0\" \/><input type=\"hidden\" name=\"_wpcf7_posted_data_hash\" value=\"\" \/>\n<\/fieldset>\n<div class=\"uacf7-form-199  \"><div class=\"uacf7-row\"><div class=\"uacf7-col-6\"> \n\n*Nombre\n    <span class=\"wpcf7-form-control-wrap\" data-name=\"your-name\"><input size=\"40\" maxlength=\"400\" class=\"wpcf7-form-control wpcf7-text wpcf7-validates-as-required\" aria-required=\"true\" aria-invalid=\"false\" value=\"\" type=\"text\" name=\"your-name\" \/><\/span> \n\n*Correo electr\u00f3nico\n    <span class=\"wpcf7-form-control-wrap\" data-name=\"your-email\"><input size=\"40\" maxlength=\"400\" class=\"wpcf7-form-control wpcf7-email wpcf7-validates-as-required wpcf7-text wpcf7-validates-as-email\" aria-required=\"true\" aria-invalid=\"false\" value=\"\" type=\"email\" name=\"your-email\" \/><\/span> \n\n*Tel\u00e9fono\n    <span class=\"wpcf7-form-control-wrap\" data-name=\"phone\"><input size=\"40\" maxlength=\"400\" class=\"wpcf7-form-control wpcf7-text wpcf7-validates-as-required\" aria-required=\"true\" aria-invalid=\"false\" value=\"\" type=\"text\" name=\"phone\" \/><\/span> \n\n*C\u00f3digo postal\n    <span class=\"wpcf7-form-control-wrap\" data-name=\"your-zip\"><input size=\"40\" maxlength=\"400\" class=\"wpcf7-form-control wpcf7-text wpcf7-validates-as-required\" aria-required=\"true\" aria-invalid=\"false\" value=\"\" type=\"text\" name=\"your-zip\" \/><\/span> \n\n\u00bfC\u00f3mo supo de nosotros? \n<span class=\"wpcf7-form-control-wrap\" data-name=\"hear\"><select class=\"wpcf7-form-control wpcf7-select\" aria-invalid=\"false\" name=\"hear\"><option value=\"\u2014Elija una opci\u00f3n\u2014\">\u2014Elija una opci\u00f3n\u2014<\/option><option value=\"Recomendaci\u00f3n m\u00e9dica\">Recomendaci\u00f3n m\u00e9dica<\/option><option value=\"En l\u00ednea\">En l\u00ednea<\/option><option value=\"Folleto comunitario\">Folleto comunitario<\/option><option value=\"Amigo\/Familiar\">Amigo\/Familiar<\/option><option value=\"Miembro del personal de AccessHealth\">Miembro del personal de AccessHealth<\/option><option value=\"Otro\">Otro<\/option><\/select><\/span>\n\n\n\u00bfSe inscribe para un lugar espec\u00edfico? (responda solo si ya ha hablado con el instructor de estilo de vida de ese lugar)\n<span class=\"wpcf7-form-control-wrap\" data-name=\"location\"><input size=\"40\" maxlength=\"400\" class=\"wpcf7-form-control wpcf7-text\" aria-invalid=\"false\" value=\"\" type=\"text\" name=\"location\" \/><\/span>  \n \n<\/div><div class=\"uacf7-col-6\"> \n\n*\u00bfHa hecho la prueba de riesgo de prediabetes? <span class=\"wpcf7-form-control-wrap\" data-name=\"taken\"><select class=\"wpcf7-form-control wpcf7-select\" aria-invalid=\"false\" name=\"taken\"><option value=\"\u2014Elija una opci\u00f3n\u2014\">\u2014Elija una opci\u00f3n\u2014<\/option><option value=\"S\u00ed\">S\u00ed<\/option><option value=\"No\">No<\/option><option value=\"No estoy seguro\">No estoy seguro<\/option><\/select><\/span>\n\n*En ese caso, \u00bfqu\u00e9 puntaje obtuvo? De lo contrario, siga el enlace a continuaci\u00f3n para tomar la prueba y obtener el puntaje. <a href=\"https:\/\/www.cdc.gov\/diabetes\/takethetest\/\" target=\"blank\">https:\/\/www.cdc.gov\/diabetes\/takethetest\/<\/a>\n    <span class=\"wpcf7-form-control-wrap\" data-name=\"your-score\"><input size=\"40\" maxlength=\"400\" class=\"wpcf7-form-control wpcf7-text wpcf7-validates-as-required\" aria-required=\"true\" aria-invalid=\"false\" value=\"\" type=\"text\" name=\"your-score\" \/><\/span> <\/p>\n\n*\u00bfConoce su A1C? En ese caso, \u00bfcu\u00e1l fue la prueba m\u00e1s reciente?\n<span class=\"wpcf7-form-control-wrap\" data-name=\"a1c\"><input size=\"40\" maxlength=\"400\" class=\"wpcf7-form-control wpcf7-text wpcf7-validates-as-required\" aria-required=\"true\" aria-invalid=\"false\" value=\"\" type=\"text\" name=\"a1c\" \/><\/span> \n\n*Formato preferido de instrucci\u00f3n\/participaci\u00f3n en clase (seleccione todo lo que corresponda) <span class=\"wpcf7-form-control-wrap\" data-name=\"checkbox-959\"><span class=\"wpcf7-form-control wpcf7-checkbox wpcf7-validates-as-required\"><span class=\"wpcf7-list-item first\"><label><input type=\"checkbox\" name=\"checkbox-959[]\" value=\"Solo virtual\" \/><span class=\"wpcf7-list-item-label\">Solo virtual<\/span><\/label><\/span><span class=\"wpcf7-list-item last\"><label><input type=\"checkbox\" name=\"checkbox-959[]\" value=\"Presencial (siguiendo los protocolos de distanciamiento social)\" \/><span class=\"wpcf7-list-item-label\">Presencial (siguiendo los protocolos de distanciamiento social)<\/span><\/label><\/span><\/span><\/span> \n\nD\u00edas y horarios disponibles para la clase (seleccione todo lo que corresponda). \n\u00a1Esta informaci\u00f3n nos ayuda a ubicarlo en una clase acorde a su horario!\n<span class=\"wpcf7-form-control-wrap\" data-name=\"available\"><span class=\"wpcf7-form-control wpcf7-checkbox wpcf7-validates-as-required\"><span class=\"wpcf7-list-item first\"><label><input type=\"checkbox\" name=\"available[]\" value=\"Martes 10 a. m.\" \/><span class=\"wpcf7-list-item-label\">Martes 10 a. m.<\/span><\/label><\/span><span class=\"wpcf7-list-item\"><label><input type=\"checkbox\" name=\"available[]\" value=\"Martes 2 p. m.\" \/><span class=\"wpcf7-list-item-label\">Martes 2 p. m.<\/span><\/label><\/span><span class=\"wpcf7-list-item\"><label><input type=\"checkbox\" name=\"available[]\" value=\"Jueves 10 a. m.\" \/><span class=\"wpcf7-list-item-label\">Jueves 10 a. m.<\/span><\/label><\/span><span class=\"wpcf7-list-item last\"><label><input type=\"checkbox\" name=\"available[]\" value=\"Jueves 2 p. m.\" \/><span class=\"wpcf7-list-item-label\">Jueves 2 p. m.<\/span><\/label><\/span><\/span><\/span>\n\n <\/div><\/div>\n\nNecesidades adicionales que le gustar\u00eda que conozcamos (por ejemplo, transporte, computadora, etc.) *Esta informaci\u00f3n es confidencial y solo la puede ver el personal del DPP*\n<span class=\"wpcf7-form-control-wrap\" data-name=\"info\"><textarea cols=\"40\" rows=\"2\" maxlength=\"2000\" class=\"wpcf7-form-control wpcf7-textarea\" aria-invalid=\"false\" name=\"info\"><\/textarea><\/span>\n\n<input class=\"wpcf7-form-control wpcf7-submit has-spinner\" type=\"submit\" value=\"ENVIAR\" \/><\/div><div class=\"wpcf7-response-output\" aria-hidden=\"true\"><\/div>\n<\/form>\n<\/div>\n[\/vc_column][\/vc_row]<\/p>\n<\/div>","protected":false},"excerpt":{"rendered":"<p>[vc_row][vc_column][vc_single_image image=&#8221;545&#8243; img_size=&#8221;full&#8221; alignment=&#8221;center&#8221; css=&#8221;&#8221;][vc_column_text css=&#8221;&#8221;]\u00bfSus pacientes podr\u00edan beneficiarse de un Programa de Prevenci\u00f3n de la Diabetes? El plan de mejora de la salud en los tres condados de 2018-2023 identific\u00f3 la necesidad de aumentar las pruebas de detecci\u00f3n y la intervenci\u00f3n de prediabetes para responder a la alta carga de diabetes tipo 2 en [&hellip;]<\/p>\n","protected":false},"author":1,"featured_media":0,"parent":159,"menu_order":0,"comment_status":"closed","ping_status":"closed","template":"","meta":{"footnotes":""},"class_list":["post-163","page","type-page","status-publish","hentry"],"_links":{"self":[{"href":"https:\/\/www.ahtricounty.com\/es\/wp-json\/wp\/v2\/pages\/163","targetHints":{"allow":["GET"]}}],"collection":[{"href":"https:\/\/www.ahtricounty.com\/es\/wp-json\/wp\/v2\/pages"}],"about":[{"href":"https:\/\/www.ahtricounty.com\/es\/wp-json\/wp\/v2\/types\/page"}],"author":[{"embeddable":true,"href":"https:\/\/www.ahtricounty.com\/es\/wp-json\/wp\/v2\/users\/1"}],"replies":[{"embeddable":true,"href":"https:\/\/www.ahtricounty.com\/es\/wp-json\/wp\/v2\/comments?post=163"}],"version-history":[{"count":6,"href":"https:\/\/www.ahtricounty.com\/es\/wp-json\/wp\/v2\/pages\/163\/revisions"}],"predecessor-version":[{"id":563,"href":"https:\/\/www.ahtricounty.com\/es\/wp-json\/wp\/v2\/pages\/163\/revisions\/563"}],"up":[{"embeddable":true,"href":"https:\/\/www.ahtricounty.com\/es\/wp-json\/wp\/v2\/pages\/159"}],"wp:attachment":[{"href":"https:\/\/www.ahtricounty.com\/es\/wp-json\/wp\/v2\/media?parent=163"}],"curies":[{"name":"wp","href":"https:\/\/api.w.org\/{rel}","templated":true}]}}