{"id":488,"date":"2016-03-28T15:59:17","date_gmt":"2016-03-28T15:59:17","guid":{"rendered":"http:\/\/www.ahtricounty.com\/?page_id=2"},"modified":"2024-11-09T17:07:22","modified_gmt":"2024-11-09T17:07:22","slug":"about","status":"publish","type":"page","link":"https:\/\/www.ahtricounty.com\/es\/","title":{"rendered":"Hogar"},"content":{"rendered":"<div class=\"wpb-content-wrapper\"><p>[vc_row css=&#8221;.vc_custom_1731172040950{margin-top: -150px !important;}&#8221;][vc_column][vc_single_image image=&#8221;522&#8243; img_size=&#8221;full&#8221; alignment=&#8221;center&#8221; css=&#8221;&#8221;][\/vc_column][\/vc_row][vc_row css=&#8221;.vc_custom_1460061853696{margin-top: -150px !important;}&#8221;][vc_column width=&#8221;2\/3&#8243;][vc_column_text css=&#8221;&#8221;]El 20\u00a0% de la poblaci\u00f3n de los tres condados carece de seguro m\u00e9dico, lo cual es una cifra alarmante. En cierto momento dado, casi 150\u00a0000 personas se encuentran sin seguro. Como una de las once redes de AccessHealth SC respaldadas por Duke Endowment, AccessHealth Tri-County Network (AHTN) est\u00e1 compuesta por muchos proveedores de atenci\u00f3n m\u00e9dica y organizaciones comunitarias que trabajan juntos para satisfacer mejor la creciente necesidad de acceso a una atenci\u00f3n m\u00e9dica de calidad.<\/p>\n<p>&nbsp;<\/p>\n<p>AHTN es una iniciativa de colaboraci\u00f3n para conectar los servicios y recursos actuales relacionados con la salud en los condados de Berkeley, Charleston y Dorchester con los residentes de los tres condados que no tienen seguro y est\u00e1n necesitados. Los colaboradores de la Red consisten en hospitales del \u00e1rea, cl\u00ednicas gratuitas, centros de atenci\u00f3n m\u00e9dica, m\u00e9dicos voluntarios, servicios humanos, organizaciones comunitarias y gubernamentales.[\/vc_column_text][vc_row_inner css=&#8221;.vc_custom_1459198746405{background-color: #0c5c9b !important;}&#8221;][vc_column_inner width=&#8221;1\/3&#8243;][vc_single_image image=&#8221;33&#8243; img_size=&#8221;medium&#8221; alignment=&#8221;center&#8221; style=&#8221;vc_box_rounded&#8221; onclick=&#8221;link_image&#8221; css=&#8221;.vc_custom_1459264351309{margin-bottom: 0px !important;}&#8221;][vc_column_text]<\/p>\n<p style=\"text-align: center;\"><span style=\"color: #ebebeb;\">Dr. James W. Fitzpatrick, DO<\/span><\/p>\n<p>[\/vc_column_text][\/vc_column_inner][vc_column_inner width=&#8221;2\/3&#8243;][vc_btn title=&#8221;Informaci\u00f3n destacada para la comunidad&#8221; color=&#8221;default&#8221; align=&#8221;left&#8221; css=&#8221;&#8221;][vc_column_text css=&#8221;&#8221;]<span style=\"color: #ebebeb;\">AccessHealth representa un excelente recurso y un modelo para la atenci\u00f3n de pacientes sin recursos econ\u00f3micos y con recursos insuficientes. Los navegadores de atenci\u00f3n de este programa han brindado la orientaci\u00f3n y el apoyo necesarios para garantizar que los resultados de los pacientes no est\u00e9n limitados por sus barreras sociales y econ\u00f3micas.<\/span>[\/vc_column_text][\/vc_column_inner][\/vc_row_inner][\/vc_column][vc_column width=&#8221;1\/3&#8243;][vc_single_image image=&#8221;49&#8243; img_size=&#8221;large&#8221; alignment=&#8221;center&#8221; style=&#8221;vc_box_rounded&#8221; onclick=&#8221;link_image&#8221;][\/vc_column][\/vc_row]<\/p>\n<\/div>","protected":false},"excerpt":{"rendered":"<p>[vc_row css=&#8221;.vc_custom_1731172040950{margin-top: -150px !important;}&#8221;][vc_column][vc_single_image image=&#8221;522&#8243; img_size=&#8221;full&#8221; alignment=&#8221;center&#8221; css=&#8221;&#8221;][\/vc_column][\/vc_row][vc_row css=&#8221;.vc_custom_1460061853696{margin-top: -150px !important;}&#8221;][vc_column width=&#8221;2\/3&#8243;][vc_column_text css=&#8221;&#8221;]El 20\u00a0% de la poblaci\u00f3n de los tres condados carece de seguro m\u00e9dico, lo cual es una cifra alarmante. En cierto momento dado, casi 150\u00a0000 personas se encuentran sin seguro. Como una de las once redes de AccessHealth SC respaldadas por Duke Endowment, [&hellip;]<\/p>\n","protected":false},"author":1,"featured_media":0,"parent":0,"menu_order":0,"comment_status":"closed","ping_status":"closed","template":"","meta":{"footnotes":""},"class_list":["post-488","page","type-page","status-publish","hentry"],"_links":{"self":[{"href":"https:\/\/www.ahtricounty.com\/es\/wp-json\/wp\/v2\/pages\/488","targetHints":{"allow":["GET"]}}],"collection":[{"href":"https:\/\/www.ahtricounty.com\/es\/wp-json\/wp\/v2\/pages"}],"about":[{"href":"https:\/\/www.ahtricounty.com\/es\/wp-json\/wp\/v2\/types\/page"}],"author":[{"embeddable":true,"href":"https:\/\/www.ahtricounty.com\/es\/wp-json\/wp\/v2\/users\/1"}],"replies":[{"embeddable":true,"href":"https:\/\/www.ahtricounty.com\/es\/wp-json\/wp\/v2\/comments?post=488"}],"version-history":[{"count":4,"href":"https:\/\/www.ahtricounty.com\/es\/wp-json\/wp\/v2\/pages\/488\/revisions"}],"predecessor-version":[{"id":536,"href":"https:\/\/www.ahtricounty.com\/es\/wp-json\/wp\/v2\/pages\/488\/revisions\/536"}],"wp:attachment":[{"href":"https:\/\/www.ahtricounty.com\/es\/wp-json\/wp\/v2\/media?parent=488"}],"curies":[{"name":"wp","href":"https:\/\/api.w.org\/{rel}","templated":true}]}}