{"id":7,"date":"2016-03-28T16:07:57","date_gmt":"2016-03-28T20:07:57","guid":{"rendered":"http:\/\/www.ahtricounty.com\/?page_id=7"},"modified":"2024-11-08T22:25:19","modified_gmt":"2024-11-08T22:25:19","slug":"nuestra-mision","status":"publish","type":"page","link":"https:\/\/www.ahtricounty.com\/es\/nuestra-mision\/","title":{"rendered":"Nuestra misi\u00f3n"},"content":{"rendered":"<div class=\"wpb-content-wrapper\"><p>[vc_row css=&#8221;.vc_custom_1460060912388{margin-top: -150px !important;}&#8221;][vc_column][vc_single_image image=&#8221;531&#8243; img_size=&#8221;full&#8221; alignment=&#8221;center&#8221; css=&#8221;&#8221;][vc_row_inner][vc_column_inner width=&#8221;2\/3&#8243;][vc_column_text css=&#8221;&#8221;]La misi\u00f3n de AHTN es coordinar una red sostenible de proveedores de atenci\u00f3n para residentes de bajos ingresos de los condados de Berkeley, Charleston y Dorchester que no cuentan con seguro m\u00e9dico.<\/p>\n<p>&nbsp;<\/p>\n<p>AHTN es un programa comunitario que ofrece coordinaci\u00f3n de la atenci\u00f3n m\u00e9dica para personas de bajos ingresos que no est\u00e1n cubiertas por un seguro m\u00e9dico y que no tienen un m\u00e9dico o una sede de atenci\u00f3n m\u00e9dica.\u00a0 Al conectar a los residentes de bajos ingresos de Lowcountry que no tienen seguro m\u00e9dico con una sede de atenci\u00f3n m\u00e9dica, podemos satisfacer mejor sus necesidades de atenci\u00f3n primaria y, a su vez, mejorar la salud de nuestra comunidad.[\/vc_column_text][\/vc_column_inner][vc_column_inner width=&#8221;1\/3&#8243;][vc_single_image image=&#8221;112&#8243; img_size=&#8221;medium&#8221; alignment=&#8221;center&#8221; style=&#8221;vc_box_rounded&#8221; onclick=&#8221;link_image&#8221;][\/vc_column_inner][\/vc_row_inner][\/vc_column][\/vc_row]<\/p>\n<\/div>","protected":false},"excerpt":{"rendered":"<p>[vc_row css=&#8221;.vc_custom_1460060912388{margin-top: -150px !important;}&#8221;][vc_column][vc_single_image image=&#8221;531&#8243; img_size=&#8221;full&#8221; alignment=&#8221;center&#8221; css=&#8221;&#8221;][vc_row_inner][vc_column_inner width=&#8221;2\/3&#8243;][vc_column_text css=&#8221;&#8221;]La misi\u00f3n de AHTN es coordinar una red sostenible de proveedores de atenci\u00f3n para residentes de bajos ingresos de los condados de Berkeley, Charleston y Dorchester que no cuentan con seguro m\u00e9dico. &nbsp; AHTN es un programa comunitario que ofrece coordinaci\u00f3n de la atenci\u00f3n m\u00e9dica para [&hellip;]<\/p>\n","protected":false},"author":1,"featured_media":0,"parent":0,"menu_order":0,"comment_status":"closed","ping_status":"closed","template":"","meta":{"footnotes":""},"class_list":["post-7","page","type-page","status-publish","hentry"],"_links":{"self":[{"href":"https:\/\/www.ahtricounty.com\/es\/wp-json\/wp\/v2\/pages\/7","targetHints":{"allow":["GET"]}}],"collection":[{"href":"https:\/\/www.ahtricounty.com\/es\/wp-json\/wp\/v2\/pages"}],"about":[{"href":"https:\/\/www.ahtricounty.com\/es\/wp-json\/wp\/v2\/types\/page"}],"author":[{"embeddable":true,"href":"https:\/\/www.ahtricounty.com\/es\/wp-json\/wp\/v2\/users\/1"}],"replies":[{"embeddable":true,"href":"https:\/\/www.ahtricounty.com\/es\/wp-json\/wp\/v2\/comments?post=7"}],"version-history":[{"count":2,"href":"https:\/\/www.ahtricounty.com\/es\/wp-json\/wp\/v2\/pages\/7\/revisions"}],"predecessor-version":[{"id":532,"href":"https:\/\/www.ahtricounty.com\/es\/wp-json\/wp\/v2\/pages\/7\/revisions\/532"}],"wp:attachment":[{"href":"https:\/\/www.ahtricounty.com\/es\/wp-json\/wp\/v2\/media?parent=7"}],"curies":[{"name":"wp","href":"https:\/\/api.w.org\/{rel}","templated":true}]}}