{"id":9,"date":"2016-03-28T16:08:11","date_gmt":"2016-03-28T20:08:11","guid":{"rendered":"http:\/\/www.ahtricounty.com\/?page_id=9"},"modified":"2024-11-08T23:08:00","modified_gmt":"2024-11-08T23:08:00","slug":"calificar-para-los-servicios","status":"publish","type":"page","link":"https:\/\/www.ahtricounty.com\/es\/calificar-para-los-servicios\/","title":{"rendered":"Calificar para los servicios"},"content":{"rendered":"<div class=\"wpb-content-wrapper\"><p>[vc_row css=&#8221;.vc_custom_1460061147027{margin-top: -150px !important;}&#8221;][vc_column][vc_single_image image=&#8221;533&#8243; img_size=&#8221;full&#8221; alignment=&#8221;center&#8221; css=&#8221;&#8221;][vc_row_inner][vc_column_inner width=&#8221;2\/3&#8243;][vc_column_text css=&#8221;&#8221;]AccessHealth Tri-County Network trabaja con pacientes potenciales para determinar si califican para los servicios de la red. A los pacientes que califican se les asigna un proveedor de atenci\u00f3n m\u00e9dica voluntario que ha aceptado prestar servicios con descuento o gratis.<\/p>\n<p>&nbsp;<\/p>\n<p>AHTN reconoce que nuestros miembros a menudo tienen necesidades adicionales. Se hace todo lo posible por conectar a los miembros con los recursos comunitarios disponibles para ayudar con la atenci\u00f3n social seg\u00fan sea necesario.<\/p>\n<p>&nbsp;<\/p>\n<p><strong>Para calificar para AccessHealth Tri-County Network, usted debe:<\/strong><\/p>\n<ul>\n<li>No tener seguro m\u00e9dico<\/li>\n<li>Tener entre 19 y 64 a\u00f1os de edad<\/li>\n<li>Ser residente de los condados de Berkeley, Charleston o Dorchester<\/li>\n<li>Tener un ingreso familiar combinado por debajo del 250\u00a0% de las pautas federales de pobreza<\/li>\n<\/ul>\n<p>&nbsp;<\/p>\n<p><strong>Para obtener m\u00e1s informaci\u00f3n, o para averiguar de qu\u00e9 manera<\/strong><\/p>\n<p>AccessHealth puede ayudarlo a obtener un mejor acceso a la atenci\u00f3n m\u00e9dica, llame al <a href=\"tel:+1(843) 743-2777\">(843) 743-2777<\/a>.[\/vc_column_text][\/vc_column_inner][vc_column_inner width=&#8221;1\/3&#8243;][vc_single_image image=&#8221;84&#8243; img_size=&#8221;large&#8221; alignment=&#8221;center&#8221; style=&#8221;vc_box_rounded&#8221; onclick=&#8221;link_image&#8221;][\/vc_column_inner][\/vc_row_inner][\/vc_column][\/vc_row][vc_row css=&#8221;.vc_custom_1726095381587{padding-top: 0px !important;}&#8221;][vc_column width=&#8221;1\/2&#8243;][vc_btn title=&#8221;Descargar folleto en ingl\u00e9s&#8221; shape=&#8221;square&#8221; align=&#8221;center&#8221; i_icon_fontawesome=&#8221;fas fa-chevron-right&#8221; css=&#8221;&#8221; add_icon=&#8221;true&#8221; link=&#8221;url:https%3A%2F%2Fwww.ahtricounty.com%2Fwp-content%2Fuploads%2F2024%2F09%2FAHTN-Overview-2024-250-percent.pdf|target:_blank&#8221;][\/vc_column][vc_column width=&#8221;1\/2&#8243;][vc_btn title=&#8221;Descargar folleto en espa\u00f1ol&#8221; shape=&#8221;square&#8221; align=&#8221;center&#8221; i_icon_fontawesome=&#8221;fas fa-chevron-right&#8221; css=&#8221;&#8221; add_icon=&#8221;true&#8221; link=&#8221;url:https%3A%2F%2Fwww.ahtricounty.com%2Fwp-content%2Fuploads%2F2024%2F09%2FAHTN-Overview-2024-250-percent-Spanish.pdf|target:_blank&#8221;][\/vc_column][\/vc_row]<\/p>\n<\/div>","protected":false},"excerpt":{"rendered":"<p>[vc_row css=&#8221;.vc_custom_1460061147027{margin-top: -150px !important;}&#8221;][vc_column][vc_single_image image=&#8221;533&#8243; img_size=&#8221;full&#8221; alignment=&#8221;center&#8221; css=&#8221;&#8221;][vc_row_inner][vc_column_inner width=&#8221;2\/3&#8243;][vc_column_text css=&#8221;&#8221;]AccessHealth Tri-County Network trabaja con pacientes potenciales para determinar si califican para los servicios de la red. A los pacientes que califican se les asigna un proveedor de atenci\u00f3n m\u00e9dica voluntario que ha aceptado prestar servicios con descuento o gratis. &nbsp; AHTN reconoce que nuestros miembros [&hellip;]<\/p>\n","protected":false},"author":1,"featured_media":0,"parent":0,"menu_order":0,"comment_status":"closed","ping_status":"closed","template":"","meta":{"footnotes":""},"class_list":["post-9","page","type-page","status-publish","hentry"],"_links":{"self":[{"href":"https:\/\/www.ahtricounty.com\/es\/wp-json\/wp\/v2\/pages\/9","targetHints":{"allow":["GET"]}}],"collection":[{"href":"https:\/\/www.ahtricounty.com\/es\/wp-json\/wp\/v2\/pages"}],"about":[{"href":"https:\/\/www.ahtricounty.com\/es\/wp-json\/wp\/v2\/types\/page"}],"author":[{"embeddable":true,"href":"https:\/\/www.ahtricounty.com\/es\/wp-json\/wp\/v2\/users\/1"}],"replies":[{"embeddable":true,"href":"https:\/\/www.ahtricounty.com\/es\/wp-json\/wp\/v2\/comments?post=9"}],"version-history":[{"count":3,"href":"https:\/\/www.ahtricounty.com\/es\/wp-json\/wp\/v2\/pages\/9\/revisions"}],"predecessor-version":[{"id":534,"href":"https:\/\/www.ahtricounty.com\/es\/wp-json\/wp\/v2\/pages\/9\/revisions\/534"}],"wp:attachment":[{"href":"https:\/\/www.ahtricounty.com\/es\/wp-json\/wp\/v2\/media?parent=9"}],"curies":[{"name":"wp","href":"https:\/\/api.w.org\/{rel}","templated":true}]}}